{"id":113,"date":"2014-10-09T16:56:29","date_gmt":"2014-10-09T14:56:29","guid":{"rendered":"http:\/\/uka.vegard.me\/2015\/?page_id=113"},"modified":"2015-01-27T23:03:52","modified_gmt":"2015-01-27T22:03:52","slug":"instruktoren","status":"publish","type":"page","link":"https:\/\/blindernuka.no\/2015\/instruktoren\/","title":{"rendered":"Instrukt\u00f8rene"},"content":{"rendered":"<p>&nbsp;<\/p>\n<p>&nbsp;<\/p>\n<a href=\"http:\/\/blindernuka.no\/2015\/wp-content\/uploads\/2014\/10\/DSC_0104.jpg\"><img loading=\"lazy\" class=\"alignleft wp-image-805 size-medium\" src=\"http:\/\/blindernuka.no\/2015\/wp-content\/uploads\/2014\/10\/DSC_0104-249x371.jpg\" alt=\"DSC_0104\" width=\"249\" height=\"371\" srcset=\"https:\/\/blindernuka.no\/2015\/wp-content\/uploads\/2014\/10\/DSC_0104-249x371.jpg 249w, https:\/\/blindernuka.no\/2015\/wp-content\/uploads\/2014\/10\/DSC_0104-307x459.jpg 307w, https:\/\/blindernuka.no\/2015\/wp-content\/uploads\/2014\/10\/DSC_0104.jpg 341w\" sizes=\"(max-width: 249px) 100vw, 249px\" \/><\/a>\n<p><strong>Joachim<\/strong> <strong>Selv\u00e5g <\/strong><\/p>\n<p><strong>Alder:<\/strong> 24 \u00e5r<\/p>\n<p><strong>Hjemsted: <\/strong>B\u00f8ler i Oslo<\/p>\n<p><strong>Studie: <\/strong>Drama pedagogikk<\/p>\n<p><strong>Bosted: <\/strong>Kjellerstua hos mamma og pappa<\/p>\n<p>&nbsp;<\/p>\n<p><strong>Fredrik Sjaastad N\u00e6ss<\/strong><\/p>\n<p><strong>Alder:<\/strong> 24 \u00e5r<\/p>\n<p><strong>Hjemsted:<\/strong> Geilo i Geilo<\/p>\n<p><strong>Studie: <\/strong>Drama pedagogikk<\/p>\n<p><strong>Bosted: <\/strong>Torshov<\/p>\n<p>&nbsp;<\/p>\n<p>&nbsp;<\/p>\n<p>&nbsp;<\/p>\n<p>&nbsp;<\/p>\n<p>Instrukt\u00f8rene Joachim og Fredrik er klare for \u00e5 gj\u00f8re \u201dJeg har aldri\u2026\u201d til en av de bedre oppsetningene i Blindernrevyens historie. Med erfaring fra revy b\u00e5de p\u00e5 og bak scenen, i tillegg til standup, har vi troa.<\/p>\n<p>&nbsp;<\/p>\n<p>P\u00e5 tross av deres unge alder har guttene til sammen satt opp ti skolerevyer, og sammen instruerte de studentrevyen p\u00e5 Chateau Neuf i sommer. Joachim har i tillegg satt opp x antall sommershow p\u00e5 B\u00f8ler Skole. Fredrik har derimot ikke satt opp et eneste sommershow p\u00e5 B\u00f8ler Skole, men til gjengjeld har han mer erfaring innen standup-fronten enn det Joachim har.<\/p>\n<p>&nbsp;<\/p>\n<p>Til oppsetningen av Blindernrevyen tar de med seg mye av erfaringen de har fra tidligere, b\u00e5de som instrukt\u00f8rer og som revyskuespillere. De vet hvordan det er \u00e5 st\u00e5 p\u00e5 scenen og skulle gi av seg selv, og det viktigste mener de er at skuespillerne har det morsomt. Det skal tross alt v\u00e6re en god og l\u00e6rerik opplevelse.<\/p>\n<p>&nbsp;<\/p>\n<p><strong>Humor foran konsept<\/strong><\/p>\n<p>Selv om skuespillerne helst b\u00f8r l\u00e6re litt av \u00e5 st\u00e5 p\u00e5 scenen, er det ikke det som er fokuset for publikum.<\/p>\n<p>&nbsp;<\/p>\n<p>\u2013 Publikum skal ha det morsomt og bli underholdt. De kommer ikke p\u00e5 revy for \u00e5 l\u00e6re noe, da f\u00e5r de heller g\u00e5 p\u00e5 Nationaltheatret, mener Fredrik.<\/p>\n<p>&nbsp;<\/p>\n<p>Temaet for revyen, \u201dJeg har aldri\u2026\u201d, kom opp med tanke p\u00e5 at UKA p\u00e5 Blindern er en eneste stor fest, og hva h\u00f8rer vel ikke mer hjemme p\u00e5 en fest enn drikkeleken \u201dJeg har aldri\u201d? Likevel fungerer temaet mer som en r\u00f8d tr\u00e5 enn et tema som m\u00e5 f\u00f8lges strengt. Gutta mener det er viktigere \u00e5 gi humor enn konsept i en revy.<\/p>\n<p>&nbsp;<\/p>\n<p><strong>God UKA-opplevelse<\/strong><\/p>\n<p>I tillegg til at skuespillerne skal ha det g\u00f8y, og at publikum skal bli underholdt, h\u00e5per de ogs\u00e5 p\u00e5 at revyen bidrar til \u00e5 gi en god opplevelse og skaper god stemning til UKA generelt.<\/p>\n<p>&nbsp;<\/p>\n<p>\u2013 Jeg h\u00e5per det blir s\u00e5 god stemning at folk blir igjen og tar en \u00f8l. Eller ti\u2026, legger Fredrik til. Neida, ikke skriv det, da fremst\u00e5r jeg som en idiot!<\/p>\n<p>&nbsp;<\/p>\n<p>N\u00e5 er det ikke lenge igjen til revyens premiere, men Joachim og Fredrik mener de ligger godt an. Sketsjene begynner \u00e5 komme p\u00e5 plass, og skuespillerne er i godt \u00f8vingsmodus. Det eneste det mangler litt p\u00e5 er musikken, men snart henger det flinke revybandet seg med p\u00e5 \u00f8vingene, og da skal det bli orden p\u00e5 det musikalske!<\/p>\n<p>&nbsp;<\/p>\n<p><b>Fullf\u00f8r setningen \u201dJeg har aldri\u2026\u201d<\/b><\/p>\n<p>Joachim: Jeg har aldri ligget med Fredrik og likt det.<\/p>\n<p>Fredrik: Jeg har aldri v\u00e6rt p\u00e5 vorspiel og likt drikkeleken &laquo;jeg har aldri<strong>&laquo;.<\/strong><\/p>\n<p>&nbsp;<\/p>\n<p>&nbsp;<\/p>\n<p><strong>Tekst:<\/strong> Mia Emilie J. Fagereng<\/p>\n<p><strong>Foto:<\/strong> Christina Moltke Hansen<\/p>\n<p>&nbsp;<\/p>\n","protected":false},"excerpt":{"rendered":"<p>&nbsp; &nbsp; Joachim Selv\u00e5g Alder: 24 \u00e5r Hjemsted: B\u00f8ler i Oslo Studie: Drama pedagogikk Bosted: Kjellerstua hos mamma og pappa &nbsp; Fredrik Sjaastad N\u00e6ss Alder: 24 \u00e5r Hjemsted: Geilo i Geilo Studie: Drama pedagogikk Bosted: Torshov &nbsp; &nbsp; &nbsp; &nbsp; Instrukt\u00f8rene Joachim og Fredrik er klare for \u00e5 gj\u00f8re \u201dJeg har aldri\u2026\u201d til en av&#8230;  <a class=\"excerpt-read-more\" href=\"https:\/\/blindernuka.no\/2015\/instruktoren\/\" title=\"Read Instrukt\u00f8rene\">Les mer &raquo;<\/a><\/p>\n","protected":false},"author":1,"featured_media":0,"parent":0,"menu_order":0,"comment_status":"closed","ping_status":"closed","template":"","meta":[],"_links":{"self":[{"href":"https:\/\/blindernuka.no\/2015\/wp-json\/wp\/v2\/pages\/113"}],"collection":[{"href":"https:\/\/blindernuka.no\/2015\/wp-json\/wp\/v2\/pages"}],"about":[{"href":"https:\/\/blindernuka.no\/2015\/wp-json\/wp\/v2\/types\/page"}],"author":[{"embeddable":true,"href":"https:\/\/blindernuka.no\/2015\/wp-json\/wp\/v2\/users\/1"}],"replies":[{"embeddable":true,"href":"https:\/\/blindernuka.no\/2015\/wp-json\/wp\/v2\/comments?post=113"}],"version-history":[{"count":10,"href":"https:\/\/blindernuka.no\/2015\/wp-json\/wp\/v2\/pages\/113\/revisions"}],"predecessor-version":[{"id":845,"href":"https:\/\/blindernuka.no\/2015\/wp-json\/wp\/v2\/pages\/113\/revisions\/845"}],"wp:attachment":[{"href":"https:\/\/blindernuka.no\/2015\/wp-json\/wp\/v2\/media?parent=113"}],"curies":[{"name":"wp","href":"https:\/\/api.w.org\/{rel}","templated":true}]}}