{"id":52,"date":"2014-10-09T16:48:05","date_gmt":"2014-10-09T14:48:05","guid":{"rendered":"http:\/\/uka.vegard.me\/2015\/?page_id=52"},"modified":"2015-02-01T20:21:32","modified_gmt":"2015-02-01T19:21:32","slug":"battle-bands","status":"publish","type":"page","link":"https:\/\/blindernuka.no\/2015\/battle-bands\/","title":{"rendered":"BattleoftheBands"},"content":{"rendered":"<p>L\u00f8rdag 31. januar\u00a0ble Battle of the Bands avholdt i UKA Spektrum! Bandet som gikk av med seieren, og som da skal spille p\u00e5 UKA l\u00f8rdag 14. februar kl 23:00, er <strong>Robert Vendetta!\u00a0<\/strong><\/p>\n<p><strong><strong>\u00a0<\/strong><\/strong><\/p>\n<p><b>De p\u00e5meldte bandene: <\/b><\/p>\n<ul>\n<li><b><img loading=\"lazy\" class=\"alignleft wp-image-781 \" src=\"http:\/\/blindernuka.no\/2015\/wp-content\/uploads\/2015\/01\/Janos.jpg\" alt=\"Janos\" width=\"90\" height=\"90\" srcset=\"https:\/\/blindernuka.no\/2015\/wp-content\/uploads\/2015\/01\/Janos.jpg 960w, https:\/\/blindernuka.no\/2015\/wp-content\/uploads\/2015\/01\/Janos-150x150.jpg 150w, https:\/\/blindernuka.no\/2015\/wp-content\/uploads\/2015\/01\/Janos-249x249.jpg 249w, https:\/\/blindernuka.no\/2015\/wp-content\/uploads\/2015\/01\/Janos-689x689.jpg 689w, https:\/\/blindernuka.no\/2015\/wp-content\/uploads\/2015\/01\/Janos-459x459.jpg 459w, https:\/\/blindernuka.no\/2015\/wp-content\/uploads\/2015\/01\/Janos-125x125.jpg 125w\" sizes=\"(max-width: 90px) 100vw, 90px\" \/>Janos:<\/b> Et pop, punk, rock og folk mashed-up band som spiller treffsikre tekster drevet av r\u00e5 f\u00f8lelser, kj\u00e6rlighet, lidenskap, anger og mest av alt &#8211; h\u00e5p og dr\u00f8mmer! Gj\u00f8r deg klar til sanger som treffer deg rett i hjertet.<\/li>\n<\/ul>\n<p>&nbsp;<\/p>\n<ul>\n<li><\/li>\n<li><\/li>\n<li><\/li>\n<li><\/li>\n<li><\/li>\n<li><\/li>\n<li><\/li>\n<li><b><a href=\"http:\/\/blindernuka.no\/2015\/wp-content\/uploads\/2015\/01\/Robert-Vendetta.jpg\"><img loading=\"lazy\" class=\"alignleft wp-image-782\" src=\"http:\/\/blindernuka.no\/2015\/wp-content\/uploads\/2015\/01\/Robert-Vendetta.jpg\" alt=\"Robert Vendetta\" width=\"95\" height=\"95\" srcset=\"https:\/\/blindernuka.no\/2015\/wp-content\/uploads\/2015\/01\/Robert-Vendetta.jpg 960w, https:\/\/blindernuka.no\/2015\/wp-content\/uploads\/2015\/01\/Robert-Vendetta-150x150.jpg 150w, https:\/\/blindernuka.no\/2015\/wp-content\/uploads\/2015\/01\/Robert-Vendetta-249x249.jpg 249w, https:\/\/blindernuka.no\/2015\/wp-content\/uploads\/2015\/01\/Robert-Vendetta-689x689.jpg 689w, https:\/\/blindernuka.no\/2015\/wp-content\/uploads\/2015\/01\/Robert-Vendetta-459x459.jpg 459w, https:\/\/blindernuka.no\/2015\/wp-content\/uploads\/2015\/01\/Robert-Vendetta-125x125.jpg 125w\" sizes=\"(max-width: 95px) 100vw, 95px\" \/><\/a><\/b><b>Robert Vendetta:<\/b> Et retropop og reagaton band, hvor musikken har sitt opphav fra 70 talls rock\u2019n\u2019roll. De er en gjeng med entertainere, s\u00e5 her skal du ikke se bort i fra et renspekket sceneshow!<\/li>\n<\/ul>\n<p>&nbsp;<\/p>\n<ul>\n<li><b><br \/>\n<a href=\"http:\/\/blindernuka.no\/2015\/wp-content\/uploads\/2015\/01\/illbrutto..jpg\"><img loading=\"lazy\" class=\"alignleft wp-image-810 \" src=\"http:\/\/blindernuka.no\/2015\/wp-content\/uploads\/2015\/01\/illbrutto..jpg\" alt=\"illbrutto.\" width=\"152\" height=\"91\" srcset=\"https:\/\/blindernuka.no\/2015\/wp-content\/uploads\/2015\/01\/illbrutto..jpg 826w, https:\/\/blindernuka.no\/2015\/wp-content\/uploads\/2015\/01\/illbrutto.-249x149.jpg 249w, https:\/\/blindernuka.no\/2015\/wp-content\/uploads\/2015\/01\/illbrutto.-689x413.jpg 689w\" sizes=\"(max-width: 152px) 100vw, 152px\" \/><\/a>Il Brutto:<\/b> Et rockabilly, western og surf band. Med b\u00e5de gamle kjente og noen nye, byr de p\u00e5 sanger som garantert vil f\u00e5 deg til \u00e5 bevege p\u00e5 dansefoten.<\/li>\n<\/ul>\n<p>&nbsp;<\/p>\n<ul>\n<li><\/li>\n<li><\/li>\n<li><\/li>\n<li><\/li>\n<li><\/li>\n<li><strong>Firce Justice<\/strong>: Et hardrock\/metal band hvo<img loading=\"lazy\" class=\"alignleft wp-image-779\" src=\"http:\/\/blindernuka.no\/2015\/wp-content\/uploads\/2015\/01\/Fierce-Justice.jpg\" alt=\"Fierce Justice\" width=\"107\" height=\"152\" srcset=\"https:\/\/blindernuka.no\/2015\/wp-content\/uploads\/2015\/01\/Fierce-Justice.jpg 675w, https:\/\/blindernuka.no\/2015\/wp-content\/uploads\/2015\/01\/Fierce-Justice-249x354.jpg 249w, https:\/\/blindernuka.no\/2015\/wp-content\/uploads\/2015\/01\/Fierce-Justice-322x459.jpg 322w\" sizes=\"(max-width: 107px) 100vw, 107px\" \/>r rettferdighet er ordet\u00a0som utgj\u00f8r en r\u00f8d tr\u00e5d gjennom l\u00e5tene deres. De kombinerer forskjellige stiler av sjangeren med tekster som resonnerer med aktuelle temaer fra hverdagen. Gj\u00f8r dere klare for real head-banging!<\/li>\n<\/ul>\n<p>&nbsp;<\/p>\n<p>&nbsp;<\/p>\n<p>&nbsp;<\/p>\n<p><b>Ekspertpanelet:<\/b><\/p>\n<ul>\n<li><img loading=\"lazy\" class=\"alignleft wp-image-461 \" src=\"\/2015\/wp-content\/uploads\/2014\/10\/Jenny_Langlo_patrick-Katzman.jpg\" alt=\"Jenny_Langlo_patrick Katzman\" width=\"196\" height=\"178\" srcset=\"https:\/\/blindernuka.no\/2015\/wp-content\/uploads\/2014\/10\/Jenny_Langlo_patrick-Katzman.jpg 960w, https:\/\/blindernuka.no\/2015\/wp-content\/uploads\/2014\/10\/Jenny_Langlo_patrick-Katzman-300x273.jpg 300w\" sizes=\"(max-width: 196px) 100vw, 196px\" \/><b>Jenny Langlo: <\/b>Artist og l\u00e5tskriver Jenny Langlo er 21 \u00e5r gammel og kommer fra Stordalen utenfor \u00c5lesund. Hun slo gjennom som vinner av Idol 2011, og er i dag kjent som en veletablert artist b\u00e5de i Norge og Utlandet. Jenny er igjen plateaktuell til v\u00e5ren med Universal, og har lang erfaring med musikk b\u00e5de fra studier ved musikklinjen p\u00e5 Fagerlia VGS samt ved Nordisk Institutt for Scene og Studio<\/li>\n<\/ul>\n<p>&nbsp;<\/p>\n<ul>\n<li><b><a href=\"\/2015\/wp-content\/uploads\/2014\/10\/10498554_10154343083360291_9165758973469326308_o.jpg\"><img loading=\"lazy\" class=\"alignleft wp-image-522 \" src=\"\/2015\/wp-content\/uploads\/2014\/10\/10498554_10154343083360291_9165758973469326308_o-150x150.jpg\" alt=\"10498554_10154343083360291_9165758973469326308_o\" width=\"186\" height=\"186\" srcset=\"https:\/\/blindernuka.no\/2015\/wp-content\/uploads\/2014\/10\/10498554_10154343083360291_9165758973469326308_o-150x150.jpg 150w, https:\/\/blindernuka.no\/2015\/wp-content\/uploads\/2014\/10\/10498554_10154343083360291_9165758973469326308_o-125x125.jpg 125w\" sizes=\"(max-width: 186px) 100vw, 186px\" \/><\/a>Victor H\u00e5land: <\/b>Artist og vokalist Victor H\u00e5land i bandet LUGN er 24 \u00e5r og kommer fra Sandefjord. Han er student ved Universitet i Oslo og har lang erfaring med musikk gjennom etableringen av bandet LUNG samt deres tid som band sammen. Bandet har blant annet blitt listet p\u00e5 P3.<\/li>\n<li><\/li>\n<li><\/li>\n<\/ul>\n<p>&nbsp;<\/p>\n<p>&nbsp;<\/p>\n<ul>\n<li><b><a href=\"\/2015\/wp-content\/uploads\/2014\/10\/10013539_10153901672450234_231978872_n.jpg\"><img loading=\"lazy\" class=\"alignleft wp-image-525 \" src=\"\/2015\/wp-content\/uploads\/2014\/10\/10013539_10153901672450234_231978872_n-150x150.jpg\" alt=\"10013539_10153901672450234_231978872_n\" width=\"185\" height=\"185\" srcset=\"https:\/\/blindernuka.no\/2015\/wp-content\/uploads\/2014\/10\/10013539_10153901672450234_231978872_n-150x150.jpg 150w, https:\/\/blindernuka.no\/2015\/wp-content\/uploads\/2014\/10\/10013539_10153901672450234_231978872_n-125x125.jpg 125w\" sizes=\"(max-width: 185px) 100vw, 185px\" \/><\/a>Torbj\u00f8rn H. Sandvik: <\/b>Artist, l\u00e5tskriver og bandleder i indie-folkrockbandet Glittertind. Har gitt ut flere album, og har god kjennskap til musikkbransjen i Norge. Han kommer opprinnelig fra Lillesand og er utdannet psykolog ved Universitetet i Oslo.<\/li>\n<\/ul>\n<p>&nbsp;<\/p>\n","protected":false},"excerpt":{"rendered":"<p>L\u00f8rdag 31. januar\u00a0ble Battle of the Bands avholdt i UKA Spektrum! Bandet som gikk av med seieren, og som da skal spille p\u00e5 UKA l\u00f8rdag 14. februar kl 23:00, er Robert Vendetta!\u00a0 \u00a0 De p\u00e5meldte bandene: Janos: Et pop, punk, rock og folk mashed-up band som spiller treffsikre tekster drevet av r\u00e5 f\u00f8lelser, kj\u00e6rlighet, lidenskap,&#8230;  <a class=\"excerpt-read-more\" href=\"https:\/\/blindernuka.no\/2015\/battle-bands\/\" title=\"Read BattleoftheBands\">Les mer &raquo;<\/a><\/p>\n","protected":false},"author":1,"featured_media":0,"parent":0,"menu_order":0,"comment_status":"closed","ping_status":"open","template":"","meta":[],"_links":{"self":[{"href":"https:\/\/blindernuka.no\/2015\/wp-json\/wp\/v2\/pages\/52"}],"collection":[{"href":"https:\/\/blindernuka.no\/2015\/wp-json\/wp\/v2\/pages"}],"about":[{"href":"https:\/\/blindernuka.no\/2015\/wp-json\/wp\/v2\/types\/page"}],"author":[{"embeddable":true,"href":"https:\/\/blindernuka.no\/2015\/wp-json\/wp\/v2\/users\/1"}],"replies":[{"embeddable":true,"href":"https:\/\/blindernuka.no\/2015\/wp-json\/wp\/v2\/comments?post=52"}],"version-history":[{"count":25,"href":"https:\/\/blindernuka.no\/2015\/wp-json\/wp\/v2\/pages\/52\/revisions"}],"predecessor-version":[{"id":914,"href":"https:\/\/blindernuka.no\/2015\/wp-json\/wp\/v2\/pages\/52\/revisions\/914"}],"wp:attachment":[{"href":"https:\/\/blindernuka.no\/2015\/wp-json\/wp\/v2\/media?parent=52"}],"curies":[{"name":"wp","href":"https:\/\/api.w.org\/{rel}","templated":true}]}}