{"id":62,"date":"2014-10-09T16:49:30","date_gmt":"2014-10-09T14:49:30","guid":{"rendered":"http:\/\/uka.vegard.me\/2015\/?page_id=62"},"modified":"2014-12-05T12:14:10","modified_gmt":"2014-12-05T11:14:10","slug":"temabarer","status":"publish","type":"page","link":"https:\/\/blindernuka.no\/2015\/temabarer\/","title":{"rendered":"Temabarer"},"content":{"rendered":"<h1>De fem temabarene<\/h1>\n<p>Vil du ta en kald en mens du venter p\u00e5 at konserten skal starte? eller hva med \u00e5 trekke inn i pianobaren etter endt revyforestilling? De fem temabarene i festivalkjelleren p\u00e5 UKA har hver sin unike atmosf\u00e6re. Det beste av alt? De har gratis inngang!<\/p>\n<p>&nbsp;<\/p>\n<p style=\"text-align: left;\"><strong><a href=\"http:\/\/blindernuka.no\/2015\/wp-content\/uploads\/2014\/10\/IMG_94031.jpg\"><img loading=\"lazy\" class=\"alignleft  wp-image-612\" src=\"http:\/\/blindernuka.no\/2015\/wp-content\/uploads\/2014\/10\/IMG_94031-689x459.jpg\" alt=\"IMG_9403\" width=\"330\" height=\"220\" srcset=\"https:\/\/blindernuka.no\/2015\/wp-content\/uploads\/2014\/10\/IMG_94031-689x459.jpg 689w, https:\/\/blindernuka.no\/2015\/wp-content\/uploads\/2014\/10\/IMG_94031-249x166.jpg 249w\" sizes=\"(max-width: 330px) 100vw, 330px\" \/><\/a>Billa Bar<\/strong><\/p>\n<p style=\"text-align: left;\">V\u00e5r kj\u00e6re Billa Bar er v\u00e5r kameleonlounge, minglebar, \u00e5sted for terningspill og andre arrangementer. I \u00e5r blir det flere arrangementer med gratis inngang. Hver kveld er en ny opplevelse!<\/p>\n<p>&nbsp;<\/p>\n<p>&nbsp;<\/p>\n<p style=\"text-align: left;\"><strong><a href=\"http:\/\/blindernuka.no\/2015\/wp-content\/uploads\/2014\/10\/46822_262924610504620_1890848391_n1.jpg\"><img loading=\"lazy\" class=\"wp-image-614 alignright\" src=\"http:\/\/blindernuka.no\/2015\/wp-content\/uploads\/2014\/10\/46822_262924610504620_1890848391_n1-689x459.jpg\" alt=\"46822_262924610504620_1890848391_n\" width=\"330\" height=\"220\" srcset=\"https:\/\/blindernuka.no\/2015\/wp-content\/uploads\/2014\/10\/46822_262924610504620_1890848391_n1-689x459.jpg 689w, https:\/\/blindernuka.no\/2015\/wp-content\/uploads\/2014\/10\/46822_262924610504620_1890848391_n1-249x166.jpg 249w, https:\/\/blindernuka.no\/2015\/wp-content\/uploads\/2014\/10\/46822_262924610504620_1890848391_n1.jpg 960w\" sizes=\"(max-width: 330px) 100vw, 330px\" \/><\/a><\/strong><\/p>\n<p style=\"text-align: left;\"><strong>UKA Spektrum<\/strong><\/p>\n<div class=\"bs_article_text\">\n<p style=\"text-align: left;\">Spektrum Bar deler rom med v\u00e5r hovedscene, UKA Spektrum, tidligere gjestet av bl.a. Datarock, Glittertind og Oslo Ess, i \u00e5r kommer navn som Disaster In The Universe og Slutface, m.fl Om scenen ikke er opptatt med en konsert vil v\u00e5re DJs holde dansen g\u00e5ende resten av kvelden.<\/p>\n<p>&nbsp;<\/p>\n<p><strong><a href=\"http:\/\/blindernuka.no\/2015\/wp-content\/uploads\/2014\/10\/316993_257874931009588_559691985_n1.jpg\"><img loading=\"lazy\" class=\"alignleft  wp-image-615\" src=\"http:\/\/blindernuka.no\/2015\/wp-content\/uploads\/2014\/10\/316993_257874931009588_559691985_n1-689x458.jpg\" alt=\"316993_257874931009588_559691985_n\" width=\"331\" height=\"220\" srcset=\"https:\/\/blindernuka.no\/2015\/wp-content\/uploads\/2014\/10\/316993_257874931009588_559691985_n1-689x459.jpg 689w, https:\/\/blindernuka.no\/2015\/wp-content\/uploads\/2014\/10\/316993_257874931009588_559691985_n1-249x165.jpg 249w, https:\/\/blindernuka.no\/2015\/wp-content\/uploads\/2014\/10\/316993_257874931009588_559691985_n1.jpg 960w\" sizes=\"(max-width: 331px) 100vw, 331px\" \/><\/a>Galleriet Bar\u00a0<\/strong><\/p>\n<p>Galleriet Bar har sine lokaler i den \u00e6rverdige musikksalongen og er v\u00e5r eneste bar med 20-\u00e5rsgrense. Dette er stedet for smakfulle drinker, vin eller \u00f8l under revyforestillingen og ellers. Klaver, kunst og konversasjon, dette er en veldig hyggelig bar, og klaveret er studenterhjemmets st\u00f8rste.<\/p>\n<p>&nbsp;<\/p>\n<p><strong><img loading=\"lazy\" class=\"alignright\" title=\"Opplev Ulka bar under UKA p\u00e5 Blindern 2013!\" src=\"http:\/\/blindernuka.no\/2013\/img\/articles\/temabarer\/ulkabar.2.jpg\" alt=\"Opplev Ulka bar under UKA p\u00e5 Blindern 2013!\" width=\"331\" height=\"220\" \/>Ulka Bar<\/strong><\/p>\n<p>Ulka Bar er det bruneste av v\u00e5re serveringssteder. Her f\u00e5r du \u00f8l og livemusikk hver kveld og det hele innhylles i en maritim og upretensi\u00f8s setting.\u00a0Dette er absolutt stedet \u00e5 slappe av uten \u00e5 kjede seg, og skulle ikke musikken falle i smak er det mulig \u00e5 s\u00f8ke tilflukt i romerbadet, som for anledningen er t\u00f8mt for vann og bygget om til sittekrok.<\/p>\n<p>&nbsp;<\/p>\n<p><strong><a href=\"http:\/\/blindernuka.no\/2015\/wp-content\/uploads\/2014\/10\/bistro1.jpg\"><img loading=\"lazy\" class=\"alignleft  wp-image-617\" src=\"http:\/\/blindernuka.no\/2015\/wp-content\/uploads\/2014\/10\/bistro1-689x458.jpg\" alt=\"bistro\" width=\"331\" height=\"220\" srcset=\"https:\/\/blindernuka.no\/2015\/wp-content\/uploads\/2014\/10\/bistro1-689x459.jpg 689w, https:\/\/blindernuka.no\/2015\/wp-content\/uploads\/2014\/10\/bistro1-249x165.jpg 249w, https:\/\/blindernuka.no\/2015\/wp-content\/uploads\/2014\/10\/bistro1.jpg 960w\" sizes=\"(max-width: 331px) 100vw, 331px\" \/><\/a>Bistro Bar<\/strong><\/p>\n<p>Bistro Bar er stedet \u00e5 g\u00e5 dersom du utover natten f\u00f8ler sulten melde seg. Da kan ingenting helt m\u00e5le seg med f\u00f8lelsen av litt varmmat og et lite pust i bakken f\u00f8r man kaster seg tilbake inn i festen, uansett hvilken bar du kom fra.<\/p>\n<p>&nbsp;<\/p>\n<p>&nbsp;<\/p>\n<p>&nbsp;<\/p>\n<p><em>Hele kjellergruppa \u00f8nsker deg hjertelig velkommen til UKA og festivalkjelleren. Ha en fortreffelig fest!<\/em><\/p>\n<\/div>\n<p>&nbsp;<\/p>\n<p>&nbsp;<\/p>\n","protected":false},"excerpt":{"rendered":"<p>De fem temabarene Vil du ta en kald en mens du venter p\u00e5 at konserten skal starte? eller hva med \u00e5 trekke inn i pianobaren etter endt revyforestilling? De fem temabarene i festivalkjelleren p\u00e5 UKA har hver sin unike atmosf\u00e6re. Det beste av alt? De har gratis inngang! &nbsp; Billa Bar V\u00e5r kj\u00e6re Billa Bar&#8230;  <a class=\"excerpt-read-more\" href=\"https:\/\/blindernuka.no\/2015\/temabarer\/\" title=\"Read Temabarer\">Les mer &raquo;<\/a><\/p>\n","protected":false},"author":1,"featured_media":0,"parent":0,"menu_order":0,"comment_status":"closed","ping_status":"open","template":"","meta":[],"_links":{"self":[{"href":"https:\/\/blindernuka.no\/2015\/wp-json\/wp\/v2\/pages\/62"}],"collection":[{"href":"https:\/\/blindernuka.no\/2015\/wp-json\/wp\/v2\/pages"}],"about":[{"href":"https:\/\/blindernuka.no\/2015\/wp-json\/wp\/v2\/types\/page"}],"author":[{"embeddable":true,"href":"https:\/\/blindernuka.no\/2015\/wp-json\/wp\/v2\/users\/1"}],"replies":[{"embeddable":true,"href":"https:\/\/blindernuka.no\/2015\/wp-json\/wp\/v2\/comments?post=62"}],"version-history":[{"count":13,"href":"https:\/\/blindernuka.no\/2015\/wp-json\/wp\/v2\/pages\/62\/revisions"}],"predecessor-version":[{"id":619,"href":"https:\/\/blindernuka.no\/2015\/wp-json\/wp\/v2\/pages\/62\/revisions\/619"}],"wp:attachment":[{"href":"https:\/\/blindernuka.no\/2015\/wp-json\/wp\/v2\/media?parent=62"}],"curies":[{"name":"wp","href":"https:\/\/api.w.org\/{rel}","templated":true}]}}