{"id":7,"date":"2014-10-08T19:39:48","date_gmt":"2014-10-08T17:39:48","guid":{"rendered":"http:\/\/uka.vegard.me\/2015\/?page_id=7"},"modified":"2015-01-26T21:31:00","modified_gmt":"2015-01-26T20:31:00","slug":"lineup","status":"publish","type":"page","link":"https:\/\/blindernuka.no\/2015\/lineup\/","title":{"rendered":"Artister"},"content":{"rendered":"<div class=\"bs_article_text\">\n<p style=\"text-align: left;\"><strong>Artister<\/strong><\/p>\n<p>Under UKA p\u00e5 Blindern kan du bes\u00f8ke to scener. Hovedscenen UKA spektrum vil gjeste de store bandene og DJs, og i ULKA bar kan du f\u00e5 med deg intimkonserter hver kveld.<\/p>\n<p>&nbsp;<\/p>\n<p>&nbsp;<\/p>\n<p>Artister som bes\u00f8ker hovedscenen under UKA p\u00e5 Blindern 2015:<\/p>\n<div id=\"attachment_321\" style=\"width: 310px\" class=\"wp-caption alignleft\"><a href=\"\/2015\/disaster-in-the-universe\"><img aria-describedby=\"caption-attachment-321\" loading=\"lazy\" class=\"wp-image-321\" src=\"\/2015\/wp-content\/uploads\/2014\/11\/Disaster-In-The-Universe-Foto-Mohammad-Ataey-3-300x259.jpg\" alt=\"Disaster In The Universe - Foto Mohammad Ataey 3\" width=\"300\" height=\"259\" srcset=\"https:\/\/blindernuka.no\/2015\/wp-content\/uploads\/2014\/11\/Disaster-In-The-Universe-Foto-Mohammad-Ataey-3-300x259.jpg 300w, https:\/\/blindernuka.no\/2015\/wp-content\/uploads\/2014\/11\/Disaster-In-The-Universe-Foto-Mohammad-Ataey-3-1024x886.jpg 1024w, https:\/\/blindernuka.no\/2015\/wp-content\/uploads\/2014\/11\/Disaster-In-The-Universe-Foto-Mohammad-Ataey-3.jpg 1600w\" sizes=\"(max-width: 300px) 100vw, 300px\" \/><\/a><p id=\"caption-attachment-321\" class=\"wp-caption-text\">DISASTER IN THE UNIVERSE<\/p><\/div>\n<div id=\"attachment_507\" style=\"width: 310px\" class=\"wp-caption alignleft\"><a href=\"\/2015\/slutface-klar-for-uka\"><img aria-describedby=\"caption-attachment-507\" loading=\"lazy\" class=\"wp-image-507\" src=\"\/2015\/wp-content\/uploads\/2014\/10\/Artist_-SLUTFACE1-e1417467913921.jpg\" alt=\"Artist_-SLUTFACE1-e1417467913921\" width=\"300\" height=\"259\" \/><\/a><p id=\"caption-attachment-507\" class=\"wp-caption-text\">SLUTFACE<\/p><\/div>\n<div id=\"attachment_510\" style=\"width: 310px\" class=\"wp-caption alignleft\"><a href=\"http:\/\/blindernuka.no\/2015\/amish-plow\/\"><img aria-describedby=\"caption-attachment-510\" loading=\"lazy\" class=\"wp-image-510 size-full\" src=\"\/2015\/wp-content\/uploads\/2014\/10\/amish_plow_foto_christinamh_bukkehaugsfestivalen.jpg\" alt=\"amish_plow_foto_christinamh_bukkehaugsfestivalen\" width=\"300\" height=\"259\" \/><\/a><p id=\"caption-attachment-510\" class=\"wp-caption-text\">AMISH PLOW<\/p><\/div>\n<div id=\"attachment_508\" style=\"width: 310px\" class=\"wp-caption alignleft\"><a href=\"http:\/\/blindernuka.no\/2015\/emily\/\"><img aria-describedby=\"caption-attachment-508\" loading=\"lazy\" class=\"wp-image-508 size-full\" src=\"\/2015\/wp-content\/uploads\/2014\/10\/Artist_-EMILY.jpg\" alt=\"Artist_-EMILY\" width=\"300\" height=\"259\" \/><\/a><p id=\"caption-attachment-508\" class=\"wp-caption-text\">EMILY<\/p><\/div>\n<div id=\"attachment_681\" style=\"width: 310px\" class=\"wp-caption alignleft\"><a href=\"http:\/\/blindernuka.no\/2015\/b0ka-leverer-klubbact-til-uka-spektrum\/\"><img aria-describedby=\"caption-attachment-681\" loading=\"lazy\" class=\"wp-image-681\" src=\"http:\/\/blindernuka.no\/2015\/wp-content\/uploads\/2014\/10\/bokanystrl.jpg\" alt=\"bokanystrl\" width=\"300\" height=\"259\" srcset=\"https:\/\/blindernuka.no\/2015\/wp-content\/uploads\/2014\/10\/bokanystrl.jpg 3543w, https:\/\/blindernuka.no\/2015\/wp-content\/uploads\/2014\/10\/bokanystrl-249x214.jpg 249w, https:\/\/blindernuka.no\/2015\/wp-content\/uploads\/2014\/10\/bokanystrl-689x594.jpg 689w, https:\/\/blindernuka.no\/2015\/wp-content\/uploads\/2014\/10\/bokanystrl-531x459.jpg 531w\" sizes=\"(max-width: 300px) 100vw, 300px\" \/><\/a><p id=\"caption-attachment-681\" class=\"wp-caption-text\">B0KA<\/p><\/div>\n<div id=\"attachment_679\" style=\"width: 310px\" class=\"wp-caption alignleft\"><a href=\"http:\/\/blindernuka.no\/2015\/en-godbit-i-anledning-billettslipp\/\"><img aria-describedby=\"caption-attachment-679\" loading=\"lazy\" class=\"wp-image-679\" src=\"http:\/\/blindernuka.no\/2015\/wp-content\/uploads\/2014\/10\/herrel\u00f8senystrl.jpg\" alt=\"herrel\u00f8senystrl\" width=\"300\" height=\"259\" srcset=\"https:\/\/blindernuka.no\/2015\/wp-content\/uploads\/2014\/10\/herrel\u00f8senystrl.jpg 3543w, https:\/\/blindernuka.no\/2015\/wp-content\/uploads\/2014\/10\/herrel\u00f8senystrl-249x214.jpg 249w, https:\/\/blindernuka.no\/2015\/wp-content\/uploads\/2014\/10\/herrel\u00f8senystrl-689x594.jpg 689w, https:\/\/blindernuka.no\/2015\/wp-content\/uploads\/2014\/10\/herrel\u00f8senystrl-531x459.jpg 531w\" sizes=\"(max-width: 300px) 100vw, 300px\" \/><\/a><p id=\"caption-attachment-679\" class=\"wp-caption-text\">HERREL\u00d8SE<\/p><\/div>\n<p>&nbsp;<\/p>\n<p>&nbsp;<\/p>\n<p>&nbsp;<\/p>\n<p>&nbsp;<\/p>\n<p>&nbsp;<\/p>\n<p>&nbsp;<\/p>\n<p>&nbsp;<\/p>\n<p>&nbsp;<\/p>\n<p>&nbsp;<\/p>\n<div id=\"attachment_707\" style=\"width: 310px\" class=\"wp-caption alignleft\"><a href=\"http:\/\/blindernuka.no\/2015\/headliner-alert-jaa9-og-onklp\/\"><img aria-describedby=\"caption-attachment-707\" loading=\"lazy\" class=\"wp-image-707\" src=\"http:\/\/blindernuka.no\/2015\/wp-content\/uploads\/2015\/01\/MG_2319b-onkl-jaa9-road-689x473.jpg\" alt=\"MG_2319b-onkl-jaa9-road-689x473\" width=\"300\" height=\"259\" srcset=\"https:\/\/blindernuka.no\/2015\/wp-content\/uploads\/2015\/01\/MG_2319b-onkl-jaa9-road-689x473.jpg 689w, https:\/\/blindernuka.no\/2015\/wp-content\/uploads\/2015\/01\/MG_2319b-onkl-jaa9-road-689x473-249x214.jpg 249w, https:\/\/blindernuka.no\/2015\/wp-content\/uploads\/2015\/01\/MG_2319b-onkl-jaa9-road-689x473-532x459.jpg 532w\" sizes=\"(max-width: 300px) 100vw, 300px\" \/><\/a><p id=\"caption-attachment-707\" class=\"wp-caption-text\">Jaa9 og OnklP<\/p><\/div>\n<div id=\"attachment_706\" style=\"width: 310px\" class=\"wp-caption alignleft\"><a href=\"http:\/\/blindernuka.no\/2015\/hanif-kawousi\/\"><img aria-describedby=\"caption-attachment-706\" loading=\"lazy\" class=\"wp-image-706\" src=\"http:\/\/blindernuka.no\/2015\/wp-content\/uploads\/2015\/01\/image-689x459.jpg\" alt=\"image-689x459\" width=\"300\" height=\"259\" srcset=\"https:\/\/blindernuka.no\/2015\/wp-content\/uploads\/2015\/01\/image-689x459.jpg 689w, https:\/\/blindernuka.no\/2015\/wp-content\/uploads\/2015\/01\/image-689x459-249x214.jpg 249w, https:\/\/blindernuka.no\/2015\/wp-content\/uploads\/2015\/01\/image-689x459-532x459.jpg 532w\" sizes=\"(max-width: 300px) 100vw, 300px\" \/><\/a><p id=\"caption-attachment-706\" class=\"wp-caption-text\">Hanif Kawousi<\/p><\/div>\n<p>&nbsp;<\/p>\n<\/div>\n<div class=\"bs_article_text\">\n<div id=\"attachment_680\" style=\"width: 310px\" class=\"wp-caption alignnone\"><a href=\"http:\/\/blindernuka.no\/2015\/liverpool-baserte-highfields-spiller-pa-uka\/\"><img aria-describedby=\"caption-attachment-680\" loading=\"lazy\" class=\"wp-image-680\" src=\"http:\/\/blindernuka.no\/2015\/wp-content\/uploads\/2014\/10\/highfieldnystrl.jpg\" alt=\"highfieldnystrl\" width=\"300\" height=\"259\" srcset=\"https:\/\/blindernuka.no\/2015\/wp-content\/uploads\/2014\/10\/highfieldnystrl.jpg 3543w, https:\/\/blindernuka.no\/2015\/wp-content\/uploads\/2014\/10\/highfieldnystrl-249x214.jpg 249w, https:\/\/blindernuka.no\/2015\/wp-content\/uploads\/2014\/10\/highfieldnystrl-689x594.jpg 689w, https:\/\/blindernuka.no\/2015\/wp-content\/uploads\/2014\/10\/highfieldnystrl-531x459.jpg 531w\" sizes=\"(max-width: 300px) 100vw, 300px\" \/><\/a><p id=\"caption-attachment-680\" class=\"wp-caption-text\">HIGHFIELDS<\/p><\/div>\n<\/div>\n","protected":false},"excerpt":{"rendered":"<p>Artister Under UKA p\u00e5 Blindern kan du bes\u00f8ke to scener. Hovedscenen UKA spektrum vil gjeste de store bandene og DJs, og i ULKA bar kan du f\u00e5 med deg intimkonserter hver kveld. &nbsp; &nbsp; Artister som bes\u00f8ker hovedscenen under UKA p\u00e5 Blindern 2015: &nbsp; &nbsp; &nbsp; &nbsp; &nbsp; &nbsp; &nbsp; &nbsp; &nbsp; &nbsp;<\/p>\n","protected":false},"author":1,"featured_media":0,"parent":0,"menu_order":0,"comment_status":"closed","ping_status":"open","template":"","meta":[],"_links":{"self":[{"href":"https:\/\/blindernuka.no\/2015\/wp-json\/wp\/v2\/pages\/7"}],"collection":[{"href":"https:\/\/blindernuka.no\/2015\/wp-json\/wp\/v2\/pages"}],"about":[{"href":"https:\/\/blindernuka.no\/2015\/wp-json\/wp\/v2\/types\/page"}],"author":[{"embeddable":true,"href":"https:\/\/blindernuka.no\/2015\/wp-json\/wp\/v2\/users\/1"}],"replies":[{"embeddable":true,"href":"https:\/\/blindernuka.no\/2015\/wp-json\/wp\/v2\/comments?post=7"}],"version-history":[{"count":41,"href":"https:\/\/blindernuka.no\/2015\/wp-json\/wp\/v2\/pages\/7\/revisions"}],"predecessor-version":[{"id":852,"href":"https:\/\/blindernuka.no\/2015\/wp-json\/wp\/v2\/pages\/7\/revisions\/852"}],"wp:attachment":[{"href":"https:\/\/blindernuka.no\/2015\/wp-json\/wp\/v2\/media?parent=7"}],"curies":[{"name":"wp","href":"https:\/\/api.w.org\/{rel}","templated":true}]}}