{"id":714,"date":"2015-01-18T16:35:24","date_gmt":"2015-01-18T15:35:24","guid":{"rendered":"http:\/\/blindernuka.no\/2015\/?page_id=714"},"modified":"2015-02-04T17:12:09","modified_gmt":"2015-02-04T16:12:09","slug":"ulka-scene","status":"publish","type":"page","link":"https:\/\/blindernuka.no\/2015\/ulka-scene\/","title":{"rendered":"Ulka Scene"},"content":{"rendered":"<p><b>Jon og Simen med venner<\/b><\/p>\n<p><b>Inngang: gratis<\/b><\/p>\n<p><b>Fredag 06. februar<\/b><\/p>\n<p><strong><strong>\u00a0<\/strong><\/strong><\/p>\n<p>Klokken 00 byr Jon og Simen opp til allsang. Det blir den perfekte slutten p\u00e5 premierekvelden hvor du kan lene deg tilbake, ta den siste runden med \u00f8l, og bare nyte livet. Alt mens du synger med p\u00e5 kjente og kj\u00e6re l\u00e5ter.<\/p>\n<p><strong><strong>\u00a0<\/strong><\/strong><\/p>\n<p>&nbsp;<\/p>\n<p><b>John Runars Orkester<\/b><\/p>\n<p><b>Inngang: gratis<\/b><\/p>\n<p><b>L\u00f8rdag 07. februar<\/b><\/p>\n<p><strong><strong>\u00a0<\/strong><\/strong><\/p>\n<p>John Runars Orkester spiller rockeslagere fra 80 til 00-tallet i beste Vidar L\u00f8nn Arnesen og daCapo stil! Under UKA 2013 var John Runars Orkester en stor hit, og vi gleder oss til \u00e5 gjenta suksessen under GB-aften, hvor Gamle Beboere f\u00e5r bli 20 \u00e5r igjen, drikke \u00f8l og synge med til notene!<\/p>\n<p>&nbsp;<\/p>\n<p>&nbsp;<\/p>\n<p><strong>Drita Se\u00f1orita<\/strong><\/p>\n<p><strong>Inngang: gratis<\/strong><\/p>\n<p><strong>L\u00f8rdag 07. februar<\/strong><\/p>\n<p>&nbsp;<\/p>\n<p>Drita Se\u00f1orita er tilbake i Ulka der vi liker dem! De er harde og omfavner alt p\u00f8nken kan gi oss. Drita Se\u00f1orita er gjengangere p\u00e5 Blindern Studenterhjem og UKA p\u00e5 Blindern &#8211; og de lever etter mottoet \u201cdu b\u00f8r f*** meg ikke komme her og spille for bra! Dette er p\u00f8nk!\u201d Tre akkorder er som regel nok for denne barske gjengen.<\/p>\n<p>&nbsp;<\/p>\n<p>&nbsp;<\/p>\n<p><strong>Open-Mic<\/strong><\/p>\n<p><strong>Onsdag 11. februar<\/strong><\/p>\n<p><strong>Inngang: Gratis<\/strong><\/p>\n<p>&nbsp;<\/p>\n<p>Open-Mic er strategisk plassert til Koraften, og alle studenter er velkomne til \u00e5 gripe mikrofonen. Nyt en \u00f8l i Ulka, mens du oppdager skjulte artist-skatter.<\/p>\n<p>&nbsp;<\/p>\n<p>&nbsp;<\/p>\n<p><strong>Marte R\u00f8yeng<\/strong><\/p>\n<p><strong>Torsdag 12. februar<\/strong><\/p>\n<p><strong>Inngang: Gratis<\/strong><\/p>\n<p><strong><strong>\u00a0<\/strong><\/strong><\/p>\n<p>Med en vakker, skj\u00f8r, og samtidig sterk stemme, synger Marte R\u00f8yeng sanger som er harmonisk b\u00e5de beroligende og interessante, med tekster som retter en st\u00f8dig pekefinger mot noen av utfordringene vi st\u00e5r overfor i en tid der alt tilsynelatende dreier seg om kontinuerlig vekst. Martes musikk st\u00e5r med en fot i amerikansk folk og country, og den andre i skandinavisk pop.\u00a0Marte R\u00f8yeng etterlater deg med den varme f\u00f8lelsen av \u00e5 bli kjent med noen som kommer til \u00e5 bli en veldig god venn<\/p>\n<p>&nbsp;<\/p>\n<p>Hvis du vil h\u00f8re mer fra Marte, sjekk gjerne ut nettsiden hennes:\u00a0<a href=\"http:\/\/www.marteroyeng.no\/\">www.marteroyeng.no<\/a><\/p>\n<p>&laquo;The Quiet&raquo;:\u00a0<a href=\"https:\/\/marteroyeng.bandcamp.com\/track\/the-quiet\">https:\/\/marteroyeng.bandcamp.com\/track\/the-quiet<\/a><\/p>\n<p>&nbsp;<\/p>\n<p>&nbsp;<\/p>\n<p><b>Trubadurer Geir Holm og Geirmund Simonsen<\/b><\/p>\n<p><b>Inngang: gratis<\/b><\/p>\n<p><b>Fredag 13. februar<\/b><\/p>\n<p>&nbsp;<\/p>\n<p>Geir Holm bodde p\u00e5 Blindern Studenterhjem fra h\u00f8sten 07 til v\u00e5ren 11, men vender stadig tilbake til gamle trakter. Han er kanskje mest kjent som trommeslager i bandet Glittertind, og har drevet profesjonelt som musiker de siste 7 \u00e5rene. Denne gangen opptrer han som trubadur med gitar og r\u00f8sten! Han har v\u00e6rt fast innslag p\u00e5 Uka siden \u201909 og gir seg ikke med det f\u00f8rste! Dere vil f\u00e5 h\u00f8re et bredt repertoar best\u00e5ende av bla. Foo Fighters, \u00d8ystein Sunde, Hellbillies, CC. Cowboys, Britney Spears, pluss det publikum m\u00e5tte komme med av forslag! Ulka Bar p\u00e5st\u00e5s \u00e5 v\u00e6re hans favoritt-vannhull, og det er nettopp her dere kan se han i sitt ess! med seg har han sin medsammensvorende Geirmund Simonsen!<\/p>\n<p>&nbsp;<\/p>\n<p>&nbsp;<\/p>\n<p><strong>Trubadur Alexander Lykke<\/strong><\/p>\n<p><strong>Inngang: gratis<\/strong><\/p>\n<p><strong>L\u00f8rdag 14. februar<\/strong><\/p>\n<p>&nbsp;<\/p>\n<p>Alexander K. Lykke, best kjent som &laquo;Lykke&raquo; p\u00e5 Bruket, er en gammel traver med utallige timer p\u00e5 Blinderns scener under beltet. Utenom sin virksomhet p\u00e5 Blindern, spiller han i prog-bandet Vicinity, som blant annet kan skilte med \u00e5 ha blitt spilt p\u00e5 p\u00e5 Pyro p\u00e5 P3 (de ligger p\u00e5 Spotify, Wimp, Amazon, iTunes, etc.). Han har spilt i forskjellige coverband gjennom seks \u00e5r som beboer p\u00e5 studenterhjemmet (det seineste var Billa Auto, som enkelte Studenter kanskje husker), samt v\u00e6rt medlem i b\u00e5de Haarn oc Blaese (gitar) og cHorus Bucchus. Han er kanskje likevel best kjent for beboermassen som trubadur. B\u00e5de som pygm\u00e9, student og etter hvert elefant underholdt han med gitaren ved de fleste anledninger. Eksempler er samtlige pygm\u00e9middag-avecer i en to\u00e5rsperiode (noe han er litt stolt av), mange ballfester (men aldri p\u00e5 balls\u00f8ndag!), konserter i Billa, et utall nachspiel (b\u00e5de sanksjonert av Brukets myndigheter og usanksjonert) og ikke minst, p\u00e5 alle de tre foreg\u00e5ende\u00a0UKEne! Dette blir alts\u00e5 den fjerde UKA p\u00e5 rad Lykke drar i gang med schl\u00e4gers og knuseh\u00f8y allsangfaktor i et \u00f8lmarinert Ulka! Ryktene sier at han gleder seg veldig, og forventer \u00e5 se b\u00e5de kjente fjes og ukjente, og ikke minst at det blir h\u00f8y sigarf\u00f8ring kvelden igjennom!<\/p>\n<p>&nbsp;<\/p>\n","protected":false},"excerpt":{"rendered":"<p>Jon og Simen med venner Inngang: gratis Fredag 06. februar \u00a0 Klokken 00 byr Jon og Simen opp til allsang. Det blir den perfekte slutten p\u00e5 premierekvelden hvor du kan lene deg tilbake, ta den siste runden med \u00f8l, og bare nyte livet. Alt mens du synger med p\u00e5 kjente og kj\u00e6re l\u00e5ter. \u00a0 &nbsp;&#8230;  <a class=\"excerpt-read-more\" href=\"https:\/\/blindernuka.no\/2015\/ulka-scene\/\" title=\"Read Ulka Scene\">Les mer &raquo;<\/a><\/p>\n","protected":false},"author":2,"featured_media":0,"parent":0,"menu_order":0,"comment_status":"closed","ping_status":"open","template":"","meta":[],"_links":{"self":[{"href":"https:\/\/blindernuka.no\/2015\/wp-json\/wp\/v2\/pages\/714"}],"collection":[{"href":"https:\/\/blindernuka.no\/2015\/wp-json\/wp\/v2\/pages"}],"about":[{"href":"https:\/\/blindernuka.no\/2015\/wp-json\/wp\/v2\/types\/page"}],"author":[{"embeddable":true,"href":"https:\/\/blindernuka.no\/2015\/wp-json\/wp\/v2\/users\/2"}],"replies":[{"embeddable":true,"href":"https:\/\/blindernuka.no\/2015\/wp-json\/wp\/v2\/comments?post=714"}],"version-history":[{"count":6,"href":"https:\/\/blindernuka.no\/2015\/wp-json\/wp\/v2\/pages\/714\/revisions"}],"predecessor-version":[{"id":940,"href":"https:\/\/blindernuka.no\/2015\/wp-json\/wp\/v2\/pages\/714\/revisions\/940"}],"wp:attachment":[{"href":"https:\/\/blindernuka.no\/2015\/wp-json\/wp\/v2\/media?parent=714"}],"curies":[{"name":"wp","href":"https:\/\/api.w.org\/{rel}","templated":true}]}}