{"id":718,"date":"2015-01-18T17:18:41","date_gmt":"2015-01-18T16:18:41","guid":{"rendered":"http:\/\/blindernuka.no\/2015\/?page_id=718"},"modified":"2015-01-26T20:52:17","modified_gmt":"2015-01-26T19:52:17","slug":"djs-i-uka-spektrum","status":"publish","type":"page","link":"https:\/\/blindernuka.no\/2015\/djs-i-uka-spektrum\/","title":{"rendered":"UKA Spektrum"},"content":{"rendered":"<p>I tillegg til \u00e5 huse konserter hver kveld, vil hver kveld i UKA Spektrum avsluttes med fengende rytmer. F\u00e5 en oversikt over DJene som spiller i UKA Spektrum her:<\/p>\n<p>&nbsp;<\/p>\n<p><strong><img loading=\"lazy\" class=\"alignleft wp-image-721 \" src=\"http:\/\/blindernuka.no\/2015\/wp-content\/uploads\/2015\/01\/Johannes-Amble_001.jpg\" alt=\"Johannes Amble_001\" width=\"400\" height=\"266\" srcset=\"https:\/\/blindernuka.no\/2015\/wp-content\/uploads\/2015\/01\/Johannes-Amble_001.jpg 3318w, https:\/\/blindernuka.no\/2015\/wp-content\/uploads\/2015\/01\/Johannes-Amble_001-249x166.jpg 249w, https:\/\/blindernuka.no\/2015\/wp-content\/uploads\/2015\/01\/Johannes-Amble_001-689x459.jpg 689w\" sizes=\"(max-width: 400px) 100vw, 400px\" \/>Johannes Amble\u00a0(DJ)<\/strong><\/p>\n<p><strong><br \/>\nDato: Fredag 6. februar<\/strong><\/p>\n<p><strong>Tid: 00:00<\/strong><\/p>\n<p><strong>Sted: UKA Spektrum<\/strong><\/p>\n<p><strong>Fri inngang<\/strong><br \/>\nJohannes Amble spiller disco, house og electro med fokus p\u00e5 remixing av b\u00e5de bangers, guilty pleasures og undergrunn \u2013 en fusjon av gammelt og nytt, velkjent og ukjent. Som tidligere beboer ved Studenterhjemmet kjenner han stedet godt, og fredag 6. februar, etter revypremiere og konsert med Disaster In The Universe, lover han \u00e5 levere en tre timer lang oppadg\u00e5ende kurve i Spektrum Bar<\/p>\n<p>&nbsp;<\/p>\n<p>&nbsp;<\/p>\n<p><strong><img loading=\"lazy\" class=\"alignleft wp-image-720 \" src=\"http:\/\/blindernuka.no\/2015\/wp-content\/uploads\/2015\/01\/Digital-fantasies.jpg\" alt=\"Digital fantasies\" width=\"394\" height=\"394\" srcset=\"https:\/\/blindernuka.no\/2015\/wp-content\/uploads\/2015\/01\/Digital-fantasies.jpg 480w, https:\/\/blindernuka.no\/2015\/wp-content\/uploads\/2015\/01\/Digital-fantasies-150x150.jpg 150w, https:\/\/blindernuka.no\/2015\/wp-content\/uploads\/2015\/01\/Digital-fantasies-249x249.jpg 249w, https:\/\/blindernuka.no\/2015\/wp-content\/uploads\/2015\/01\/Digital-fantasies-459x459.jpg 459w, https:\/\/blindernuka.no\/2015\/wp-content\/uploads\/2015\/01\/Digital-fantasies-125x125.jpg 125w\" sizes=\"(max-width: 394px) 100vw, 394px\" \/>Digital Fantasies (DJ)<\/strong><\/p>\n<p><strong><strong>\u00a0<\/strong><\/strong><\/p>\n<p><strong>Dato: Torsdag 12. februar<\/strong><\/p>\n<p><strong>Tid: 00:30<\/strong><\/p>\n<p><strong>Sted: UKA Spektrum<\/strong><\/p>\n<p><strong>Fri inngang<\/strong><\/p>\n<p>&nbsp;<\/p>\n<p>Torsdag 12. februar kommer Digital Fantasies til UKA Spektrum for afterparty, og hun er klar for \u00e5 f\u00e5 deg til \u00e5 danse ut i de sene nattetimer! Digital Fantasies er en Oslobasert DJ som liker \u00e5 mikse electronica, hip-hop, RnB og indiefavoritter til en kveld der steminga er god og f\u00f8ttene ikke st\u00e5r stille. Digital Fantasies er ikke ukjent for Blindern, da hun har spilt mange ganger p\u00e5 studenterhjemmet, senest p\u00e5 Bukkehaugsfestivalen og UKA13.<\/p>\n<p>&nbsp;<\/p>\n<p>Hun beskriver musikken slik: Funky groovy music for your soul, feet and heart.<\/p>\n<p>&nbsp;<\/p>\n<p>&nbsp;<\/p>\n<p style=\"text-align: left;\"><strong><img loading=\"lazy\" class=\"alignleft wp-image-719\" src=\"http:\/\/blindernuka.no\/2015\/wp-content\/uploads\/2015\/01\/Jonicii.jpg\" alt=\"Jonicii\" width=\"395\" height=\"296\" srcset=\"https:\/\/blindernuka.no\/2015\/wp-content\/uploads\/2015\/01\/Jonicii.jpg 2048w, https:\/\/blindernuka.no\/2015\/wp-content\/uploads\/2015\/01\/Jonicii-249x186.jpg 249w, https:\/\/blindernuka.no\/2015\/wp-content\/uploads\/2015\/01\/Jonicii-689x516.jpg 689w, https:\/\/blindernuka.no\/2015\/wp-content\/uploads\/2015\/01\/Jonicii-612x459.jpg 612w\" sizes=\"(max-width: 395px) 100vw, 395px\" \/>Jonicii<\/strong><\/p>\n<p style=\"text-align: left;\"><strong>Dato: Fredag 13. februar<\/strong><\/p>\n<p style=\"text-align: left;\"><strong>Tid: 00:30<\/strong><\/p>\n<p style=\"text-align: left;\"><strong>Sted: UKA Spektrum<\/strong><\/p>\n<p style=\"text-align: left;\"><strong>Fri inngang<\/strong><\/p>\n<p>&nbsp;<\/p>\n<p>Jonicii, eller Jonas Neraal Jakobsen, har over lengre tid bygd opp en sterk fanskare ved NMBU. Som en klippe i det sterke DJ milj\u00f8et ved Samfunnet, har Jonas jobbet for \u00e5 utvikle milj\u00f8et og seg selv over flere \u00e5r. Jonicii st\u00e5r bak diverse remixer og en knippe legendariske kvelder p\u00e5 Samfunnet.\u00a0Men Jonicii sin sterkeste motivasjon er \u00e5 spinne plater og lage liv. Gjennom en \u00e5rrekke han Jonicii skapt sin egen stil, brukt masse tid for \u00e5 utvikle sin \u00abstage-persona\u00bb og bringer deg det heftigste av House og Elektronica.<\/p>\n","protected":false},"excerpt":{"rendered":"<p>I tillegg til \u00e5 huse konserter hver kveld, vil hver kveld i UKA Spektrum avsluttes med fengende rytmer. F\u00e5 en oversikt over DJene som spiller i UKA Spektrum her: &nbsp; Johannes Amble\u00a0(DJ) Dato: Fredag 6. februar Tid: 00:00 Sted: UKA Spektrum Fri inngang Johannes Amble spiller disco, house og electro med fokus p\u00e5 remixing av&#8230;  <a class=\"excerpt-read-more\" href=\"https:\/\/blindernuka.no\/2015\/djs-i-uka-spektrum\/\" title=\"Read UKA Spektrum\">Les mer &raquo;<\/a><\/p>\n","protected":false},"author":2,"featured_media":0,"parent":0,"menu_order":0,"comment_status":"closed","ping_status":"open","template":"","meta":[],"_links":{"self":[{"href":"https:\/\/blindernuka.no\/2015\/wp-json\/wp\/v2\/pages\/718"}],"collection":[{"href":"https:\/\/blindernuka.no\/2015\/wp-json\/wp\/v2\/pages"}],"about":[{"href":"https:\/\/blindernuka.no\/2015\/wp-json\/wp\/v2\/types\/page"}],"author":[{"embeddable":true,"href":"https:\/\/blindernuka.no\/2015\/wp-json\/wp\/v2\/users\/2"}],"replies":[{"embeddable":true,"href":"https:\/\/blindernuka.no\/2015\/wp-json\/wp\/v2\/comments?post=718"}],"version-history":[{"count":6,"href":"https:\/\/blindernuka.no\/2015\/wp-json\/wp\/v2\/pages\/718\/revisions"}],"predecessor-version":[{"id":830,"href":"https:\/\/blindernuka.no\/2015\/wp-json\/wp\/v2\/pages\/718\/revisions\/830"}],"wp:attachment":[{"href":"https:\/\/blindernuka.no\/2015\/wp-json\/wp\/v2\/media?parent=718"}],"curies":[{"name":"wp","href":"https:\/\/api.w.org\/{rel}","templated":true}]}}