{"id":728,"date":"2015-01-19T17:52:08","date_gmt":"2015-01-19T16:52:08","guid":{"rendered":"http:\/\/blindernuka.no\/2015\/?page_id=728"},"modified":"2015-01-20T20:54:25","modified_gmt":"2015-01-20T19:54:25","slug":"skuespillere-2","status":"publish","type":"page","link":"https:\/\/blindernuka.no\/2015\/skuespillere-2\/","title":{"rendered":"Skuespillere"},"content":{"rendered":"<p>&nbsp;<\/p>\n<p><strong>Robin Sebastian S\u00e6thre Edeklev\u00a0<\/strong>\u00a0\u00a0\u00a0\u00a0\u00a0\u00a0\u00a0\u00a0\u00a0\u00a0\u00a0 <a href=\"http:\/\/blindernuka.no\/2015\/wp-content\/uploads\/2015\/01\/DSC_0535.jpg\"><img loading=\"lazy\" class=\"alignright wp-image-736 size-medium\" src=\"http:\/\/blindernuka.no\/2015\/wp-content\/uploads\/2015\/01\/DSC_0535-249x344.jpg\" alt=\"DSC_0535\" width=\"249\" height=\"344\" srcset=\"https:\/\/blindernuka.no\/2015\/wp-content\/uploads\/2015\/01\/DSC_0535-249x344.jpg 249w, https:\/\/blindernuka.no\/2015\/wp-content\/uploads\/2015\/01\/DSC_0535-332x459.jpg 332w, https:\/\/blindernuka.no\/2015\/wp-content\/uploads\/2015\/01\/DSC_0535.jpg 369w\" sizes=\"(max-width: 249px) 100vw, 249px\" \/><\/a><\/p>\n<p><strong>Alder:<\/strong> 22 \u00e5r<br \/>\n<strong>Hjemsted:<\/strong> Oslo<\/p>\n<p><strong>Studie:<\/strong> Tegnspr\u00e5k tolkning<\/p>\n<p><strong>Botid p\u00e5 BS:<\/strong> Tre semester<\/p>\n<p>&nbsp;<\/p>\n<p>Oslogutten Robin Sebastian S\u00e6thre Edeklev er 22 \u00e5r gammel, og studerer<\/p>\n<p>tegnspr\u00e5k og tolkning. Han har bodd p\u00e5 Blindern Studenterhjem siden h\u00f8sten 2013, og n\u00e5 er han en av de \u00e5tte skuespillerne i revyen \u201dJeg har aldri\u2026\u201d.<\/p>\n<p>&nbsp;<\/p>\n<p>Tegnspr\u00e5kstudenten er n\u00e5 med p\u00e5 sin f\u00f8rste revy, og all skuespillererfaring har han samlet seg opp gjennom sine tre semestre p\u00e5 Blindern Studenterhjem. Med Det Gule Teater har han v\u00e6rt med p\u00e5 teaterstykker som Lugar 613 og Mor til min s\u00f8nn.<\/p>\n<p>&nbsp;<\/p>\n<p>Robins inspirasjonskilder best\u00e5r blant annet av Rush Hour-skuespiller Chris<\/p>\n<p>Tucker. Det beste med skuespill synes han er \u00e5 g\u00e5 inn i en annen karakter enn<\/p>\n<p>den man er til vanlig, og kunne gj\u00f8re g\u00e6rne ting man ellers aldri kunne finne p\u00e5 \u00e5<\/p>\n<p>gj\u00f8re. For Robin er det viktig at skuespillere og andre involverte i Blindernrevyen gj\u00f8r<\/p>\n<p>sitt aller ytterste, og ikke minst at publikum ler. F\u00f8r han g\u00e5r p\u00e5 scenen liker han f\u00f8rst og fremst \u00e5 ta seg en \u00f8l. Ellers handler det om \u00e5 samle tankene og konsentrere seg om alle karakterskiftene som man har fra sketsj til sketsj.<\/p>\n<p>&nbsp;<\/p>\n<p><strong>Fullf\u00f8r setningen \u201dJeg har aldri\u2026\u201d:<\/strong> Jeg har aldri v\u00e6rt naken foran masse folk.<\/p>\n<p>&nbsp;<\/p>\n<p><strong>Eline Prytz Andersen<\/strong>\u00a0\u00a0 <a href=\"http:\/\/blindernuka.no\/2015\/wp-content\/uploads\/2015\/01\/DSC_0029.jpg\"><img loading=\"lazy\" class=\"alignright wp-image-730 size-medium\" src=\"http:\/\/blindernuka.no\/2015\/wp-content\/uploads\/2015\/01\/DSC_0029-249x344.jpg\" alt=\"DSC_0029\" width=\"249\" height=\"344\" srcset=\"https:\/\/blindernuka.no\/2015\/wp-content\/uploads\/2015\/01\/DSC_0029-249x344.jpg 249w, https:\/\/blindernuka.no\/2015\/wp-content\/uploads\/2015\/01\/DSC_0029-332x459.jpg 332w, https:\/\/blindernuka.no\/2015\/wp-content\/uploads\/2015\/01\/DSC_0029.jpg 369w\" sizes=\"(max-width: 249px) 100vw, 249px\" \/><\/a><\/p>\n<p><strong>Alder:<\/strong> 19 \u00e5r<\/p>\n<p><strong>Hjemsted:<\/strong> \u00c5lesund<\/p>\n<p><strong>Studie:<\/strong> Medisin<\/p>\n<p><strong>Botid p\u00e5 BS:<\/strong> Ett semester<\/p>\n<p>&nbsp;<\/p>\n<p>Eline er en dreven musiker, med bakgrunn innen intet mindre enn piano, fiolin,bratsj, og sang. N\u00e5 som hun studerer medisin, m\u00e5 hun bruke sin kreative energi utenfor studiet, og denne gangen ble det revy. Hun trives godt med b\u00e5de menneskene og revyarbeidet, men sliter med \u00e5 komme inn i skuespillermodus, ettersom hun aldri har drevet med det f\u00f8r.<\/p>\n<p>&nbsp;<\/p>\n<p>Selv om moduset ikke er helt inne for Eline, er forventningene fullt og helt p\u00e5<\/p>\n<p>plass. Hun har troa p\u00e5 revyen, og vet at alle vil gj\u00f8re sitt beste. Fra n\u00e5 av er det<\/p>\n<p>jobb hver dag, og n\u00e5r alle vil gj\u00f8re det bra, blir resultatet bra.<\/p>\n<p>&nbsp;<\/p>\n<p><strong>Fullf\u00f8r setningen \u201dJeg har aldri\u2026\u201d:<\/strong> Jeg har aldri tatt et knekkebr\u00f8d med<\/p>\n<p>makrell i tomat og ost i mikrob\u00f8lgeovnen, og forventet at det ville smake pizza.<\/p>\n<p>Men det gjorde faktisk det.<\/p>\n<p>&nbsp;<\/p>\n<p><strong>Astrid N\u00f8kland\u00a0<\/strong>\u00a0\u00a0\u00a0\u00a0 <a href=\"http:\/\/blindernuka.no\/2015\/wp-content\/uploads\/2015\/01\/DSC_0506.jpg\"><img loading=\"lazy\" class=\"alignright wp-image-734 size-medium\" src=\"http:\/\/blindernuka.no\/2015\/wp-content\/uploads\/2015\/01\/DSC_0506-249x344.jpg\" alt=\"DSC_0506\" width=\"249\" height=\"344\" srcset=\"https:\/\/blindernuka.no\/2015\/wp-content\/uploads\/2015\/01\/DSC_0506-249x344.jpg 249w, https:\/\/blindernuka.no\/2015\/wp-content\/uploads\/2015\/01\/DSC_0506-332x459.jpg 332w, https:\/\/blindernuka.no\/2015\/wp-content\/uploads\/2015\/01\/DSC_0506.jpg 369w\" sizes=\"(max-width: 249px) 100vw, 249px\" \/><\/a><\/p>\n<p><strong>Alder:<\/strong> 22 \u00e5r<\/p>\n<p><strong>Hjemsted:<\/strong> Re<\/p>\n<p><strong>Studie:<\/strong> Skuespillerfag<\/p>\n<p><strong>Botid p\u00e5 BS:<\/strong> To semester<\/p>\n<p>&nbsp;<\/p>\n<p>Som student ved Norsk Skuespillerinstitutt er Astrid N\u00f8kland ivrig i oppsetningen av Blindernrevyen, og satser p\u00e5 at den skal bli den beste noensinne.<\/p>\n<p>Blindernrevyen blir hennes tredje revy, og tidligere har hun blant annet hvert med p\u00e5 oppsetninger som Grease og Judas Iscariots siste dager. Hun har sunget i T\u00f8nsberg Domkirkes Jentekor, men det er teater som er hennes hovedinteresse,med Jennifer Lawrence som inspirasjonskilde.<\/p>\n<p>&nbsp;<\/p>\n<p>Astrids f\u00f8r-scenen-ritualer g\u00e5r i t\u00f8y og b\u00f8y, styrke og yoga. Hun forteller at hun<\/p>\n<p>pleier \u00e5 g\u00e5 litt ned i spagaten og s\u00e5nt, og at hun ogs\u00e5 ber litt til Gud. Men bare litt.<\/p>\n<p>Som s\u00f8ster til selveste UKEsjef Anna N\u00f8kland, satser ikke Astrid kun p\u00e5 den<\/p>\n<p>beste revyen noensinne, men ogs\u00e5 p\u00e5 at UKA 2015 skal bli den beste UKA-<\/p>\n<p>festivalen i Blinderns historie.<\/p>\n<p>&nbsp;<\/p>\n<p>Hun h\u00e5per p\u00e5 at backstage skal bli like latterfylt som publikumssalen, og at alle<\/p>\n<p>skal v\u00e6re fylt av gode minner n\u00e5r revyen og festivalen tar slutt. Det som skal<\/p>\n<p>sitte igjen i publikums hoder n\u00e5r de forlater festivalen mener Astrid skal v\u00e6re<\/p>\n<p><em>\u201dShit, her vil jeg bo!\u201d<\/em><\/p>\n<p>&nbsp;<\/p>\n<p><strong>Fullf\u00f8r setningen: \u201dJeg har aldri\u2026\u201d:<\/strong> Jeg har aldri gjort noen gravid, og det er jeg<\/p>\n<p>forn\u00f8yd med.<\/p>\n<p>&nbsp;<\/p>\n<p><strong>Line Standal S\u00f8rnes\u00a0<\/strong>\u00a0 <a href=\"http:\/\/blindernuka.no\/2015\/wp-content\/uploads\/2015\/01\/DSC_0100.jpg\"><img loading=\"lazy\" class=\"alignright wp-image-732 size-medium\" src=\"http:\/\/blindernuka.no\/2015\/wp-content\/uploads\/2015\/01\/DSC_0100-249x344.jpg\" alt=\"DSC_0100\" width=\"249\" height=\"344\" srcset=\"https:\/\/blindernuka.no\/2015\/wp-content\/uploads\/2015\/01\/DSC_0100-249x344.jpg 249w, https:\/\/blindernuka.no\/2015\/wp-content\/uploads\/2015\/01\/DSC_0100-332x459.jpg 332w, https:\/\/blindernuka.no\/2015\/wp-content\/uploads\/2015\/01\/DSC_0100.jpg 369w\" sizes=\"(max-width: 249px) 100vw, 249px\" \/><\/a><\/p>\n<p><strong>Alder:<\/strong> 21 \u00e5r<\/p>\n<p><strong>Hjemsted:<\/strong> \u00c5lesund<\/p>\n<p><strong>Studie:<\/strong> \u00d8konomi og administrasjon<\/p>\n<p><strong>Botid p\u00e5 BS:<\/strong> Tre semester<\/p>\n<p>&nbsp;<\/p>\n<p>\u00d8konomistudent Line Standal S\u00f8rnes har mye erfaring innen musikk, dans og drama, og elsker \u00e5 st\u00e5 p\u00e5 scenen. Likevel trengs det ett glass vin, og litt hopp og sprett f\u00f8r hun er klar. Av de tre er det skuespill Line er minst erfaren i. Bakgrunnen\u00a0 hennes best\u00e5r i en skoleoppsetning av musikalen Cabaret og en step in-rolle i originalen Mor til min<\/p>\n<p>s\u00f8nn p\u00e5 Blindern Studenterhjem.<\/p>\n<p>&nbsp;<\/p>\n<p>Musikk og dans, derimot, har Line alltid drevet med. Hun har sunget og danset, spilt trompet og undervist i musikk. Sin favorittskuespiller klarer hun ikke helt \u00e5 bestemme seg for, men ender opp med \u00e5 svare Glee-stjerne Lea Michele. Likevel synes hun det er litt flaut, og m\u00e5 legge til Leonardo DiCaprio p\u00e5 en delt f\u00f8rsteplass.<\/p>\n<p>&nbsp;<\/p>\n<p>I forkant av revyen forteller Line at hun sitter med litt for h\u00f8ye forventninger.<\/p>\n<p>Hun vil gjerne se at det blir et proft resultat, men vil f\u00f8rst og fremst pr\u00f8ve p\u00e5 \u00e5 ha<\/p>\n<p>det g\u00f8y med sine medskuespillere. S\u00e5 lenge publikum g\u00e5r ut med et smil om<\/p>\n<p>munnen og en god opplevelse \u00e5 se tilbake p\u00e5, vil hun si seg forn\u00f8yd med det.<\/p>\n<p>&nbsp;<\/p>\n<p><strong>Fullf\u00f8r setningen \u201dJeg har aldri\u2026\u201d:<\/strong> Jeg har aldri opptr\u00e5dt som profesjonell<\/p>\n<p>stripper.<\/p>\n<p>&nbsp;<\/p>\n<p><strong>Oda Kibsgaard\u2013Petersen\u00a0\u00a0<\/strong>\u00a0 <a href=\"http:\/\/blindernuka.no\/2015\/wp-content\/uploads\/2015\/01\/DSC_0561.jpg\"><img loading=\"lazy\" class=\"alignright wp-image-738 size-medium\" src=\"http:\/\/blindernuka.no\/2015\/wp-content\/uploads\/2015\/01\/DSC_0561-249x344.jpg\" alt=\"DSC_0561\" width=\"249\" height=\"344\" srcset=\"https:\/\/blindernuka.no\/2015\/wp-content\/uploads\/2015\/01\/DSC_0561-249x344.jpg 249w, https:\/\/blindernuka.no\/2015\/wp-content\/uploads\/2015\/01\/DSC_0561-332x459.jpg 332w, https:\/\/blindernuka.no\/2015\/wp-content\/uploads\/2015\/01\/DSC_0561.jpg 369w\" sizes=\"(max-width: 249px) 100vw, 249px\" \/><\/a><\/p>\n<p><strong>Alder:<\/strong> 21 \u00e5r<\/p>\n<p><strong>Hjemsted<\/strong>: \u00c5lesund<\/p>\n<p><strong>Studie:<\/strong> Barnevernspedagogikk<\/p>\n<p><strong>Botid p\u00e5 BS:<\/strong> Ett semester<\/p>\n<p>&nbsp;<\/p>\n<p>Oda har mye skuespillererfaring fra teatermilj\u00f8et i \u00c5lesund, og gjennom det har<\/p>\n<p>hun ogs\u00e5 blitt innviet i kor og sang. Likevel vil hun ikke si hun er veldig musikalsk. Skuespill er hennes absolutt sterkeste side i Blindernrevyen.<\/p>\n<p>Med kun ett semester fra Blindern Studenterhjem, er dette det f\u00f8rste hun gj\u00f8r innen teaterfronten, men kanskje er revyen hennes billett inn i Blinderns<\/p>\n<p>teatermilj\u00f8. Hun h\u00e5per i hvert fall p\u00e5 \u00e5 kunne gj\u00f8re en god jobb, og gi publikum<\/p>\n<p>en god latter.<\/p>\n<p>&nbsp;<\/p>\n<p>F\u00f8r hun g\u00e5r p\u00e5 scenen pleier Oda kun \u00e5 ta et godt pust i bakken og pr\u00f8ve \u00e5 slappe<\/p>\n<p>av. Det er lett \u00e5 bli nerv\u00f8s f\u00f8r man skal ut p\u00e5 scenen og by p\u00e5 seg selv, men n\u00e5r alt<\/p>\n<p>kommer til alt er det stort sett bare moro.<\/p>\n<p>&nbsp;<\/p>\n<p><strong>Fullf\u00f8r setningen \u201dJeg har aldri\u2026\u201d:<\/strong> Jeg har aldri v\u00e6rt med p\u00e5 revy.<\/p>\n<p>&nbsp;<\/p>\n<p><strong>Kevin Str\u00f8m\u00a0<\/strong>\u00a0\u00a0\u00a0 <a href=\"http:\/\/blindernuka.no\/2015\/wp-content\/uploads\/2015\/01\/DSC_0538.jpg\"><img loading=\"lazy\" class=\"alignright wp-image-739 size-medium\" src=\"http:\/\/blindernuka.no\/2015\/wp-content\/uploads\/2015\/01\/DSC_0538-249x344.jpg\" alt=\"DSC_0538\" width=\"249\" height=\"344\" srcset=\"https:\/\/blindernuka.no\/2015\/wp-content\/uploads\/2015\/01\/DSC_0538-249x344.jpg 249w, https:\/\/blindernuka.no\/2015\/wp-content\/uploads\/2015\/01\/DSC_0538-332x459.jpg 332w, https:\/\/blindernuka.no\/2015\/wp-content\/uploads\/2015\/01\/DSC_0538.jpg 369w\" sizes=\"(max-width: 249px) 100vw, 249px\" \/><\/a><\/p>\n<p><strong>Alder:<\/strong> 21 \u00e5r<\/p>\n<p><strong>Hjemsted:<\/strong> Moss<\/p>\n<p><strong>Studie:<\/strong> Musikkteaterh\u00f8yskolen<\/p>\n<p><strong>Botid p\u00e5 BS:<\/strong> Ett semester<\/p>\n<p>&nbsp;<\/p>\n<p>Kevin studerer til \u00e5 bli musikalartist, har erfaring fra Solbakken Folkeh\u00f8gskole har v\u00e6rt med p\u00e5 russerevy, og har selveste Matthew McConaughey som forbilde.<\/p>\n<p>&nbsp;<\/p>\n<p>Blindernrevyen fikser han lett som en plett.<\/p>\n<p>Det beste han vet med revy er \u00e5 kunne st\u00e5 p\u00e5 scenen og \u00e5 v\u00e6re morsom. Hans forventninger til seg selv er at han skal klare \u00e5 f\u00e5 publikum til \u00e5 le, og \u00e5 sitte igjen<\/p>\n<p>med en god f\u00f8lelse n\u00e5r de g\u00e5r ut av Blindern. At alle skuespillerne bidrar til et godt milj\u00f8 b\u00e5de p\u00e5 og bak scenen er viktig for ham, og at alle deltar med sitt aller<\/p>\n<p>beste.<\/p>\n<p>&nbsp;<\/p>\n<p>Kevin er ingen fan av f\u00f8r scenen-ritualer, og sier han rett og slett blir nerv\u00f8s av<\/p>\n<p>s\u00e5 mange forberedelser. F\u00f8r han g\u00e5r p\u00e5 scenen g\u00e5r det stort sett i ikke \u00e5 tenke, og<\/p>\n<p>\u00e5 pr\u00f8ve \u00e5 ta alt p\u00e5 sparket.<\/p>\n<p>&nbsp;<\/p>\n<p><strong>Fullf\u00f8r setningen \u201dJeg har aldri\u2026\u201d:<\/strong> Jeg har aldri tissa i vasken p\u00e5 Blindern.<\/p>\n<p>&nbsp;<\/p>\n<p><strong>Elias Kristian Zahl\u2013Pettersen<\/strong> <a href=\"http:\/\/blindernuka.no\/2015\/wp-content\/uploads\/2015\/01\/DSC_0397.jpg\"><img loading=\"lazy\" class=\"alignright wp-image-735 size-medium\" src=\"http:\/\/blindernuka.no\/2015\/wp-content\/uploads\/2015\/01\/DSC_0397-249x344.jpg\" alt=\"DSC_0397\" width=\"249\" height=\"344\" srcset=\"https:\/\/blindernuka.no\/2015\/wp-content\/uploads\/2015\/01\/DSC_0397-249x344.jpg 249w, https:\/\/blindernuka.no\/2015\/wp-content\/uploads\/2015\/01\/DSC_0397-332x459.jpg 332w, https:\/\/blindernuka.no\/2015\/wp-content\/uploads\/2015\/01\/DSC_0397.jpg 369w\" sizes=\"(max-width: 249px) 100vw, 249px\" \/><\/a><\/p>\n<p><strong>Alder:<\/strong> 23 \u00e5r<\/p>\n<p><strong>Hjemsted:<\/strong> \u00d8yparadiset Hvaler<\/p>\n<p><strong>Studie:<\/strong> Journalistikk<\/p>\n<p><strong>Botid p\u00e5 BS:<\/strong> Ett semester<\/p>\n<p>&nbsp;<\/p>\n<p>Elias er en av Blinderns mange moroklumper, og ser frem til \u00e5 kunne st\u00e5 p\u00e5 scenen og dele av humoren sin. I baklomma har han blant annet en rolle som Petter Pinnsvin i barneteater og Troy Bolton i en oppsetning av High School Musical. I tillegg har han erfaring som revysjef p\u00e5 videreg\u00e5ende.<\/p>\n<p>&nbsp;<\/p>\n<p>Elias\u2019 absolutte inspirasjonskilde innen skuespill er Brad Pitt. F\u00f8rst og fremst<\/p>\n<p>fordi de ligner s\u00e5nn, men ogs\u00e5 fordi Brad Pitt alltid tar riktige rollevalg. Han tror<\/p>\n<p>og h\u00e5per p\u00e5 at revyen vil gj\u00f8re ham til en kjendis. Kanskje vil han ikke bli kjendis<\/p>\n<p>p\u00e5 niv\u00e5 med Brad Pitt, men i det minste blant Blinderns beboere og revyens<\/p>\n<p>publikum.<\/p>\n<p>&nbsp;<\/p>\n<p>F\u00f8r Elias g\u00e5r p\u00e5 scenen tar han alltid to shots, og onanerer. Han har h\u00f8rt noe om<\/p>\n<p>at idrettsut\u00f8vere ikke skal gj\u00f8re det, men tror tvert imot at han presterer bedre<\/p>\n<p>etterp\u00e5, og at det fungerer som stress relief. Han h\u00e5per p\u00e5 at alle har lyst til \u00e5 ta turen, og at billettens verdi av 90 kroner, og den halvannen timen den tar, vil v\u00e6re verdt det. Han legger ogs\u00e5 til at det som vanlig er nach p\u00e5 rom nummer 4, om noen har lyst til det.<\/p>\n<p>&nbsp;<\/p>\n<p><strong>Fullf\u00f8r setningen \u201dJeg har aldri\u2026\u201d:<\/strong> Jeg har aldri spist biffsnadder p\u00e5 Egon, og<\/p>\n<p>likt det.<\/p>\n<p>&nbsp;<\/p>\n<p><strong>Trygve Leithe Svalheim <a href=\"http:\/\/blindernuka.no\/2015\/wp-content\/uploads\/2015\/01\/DSC_0059.jpg\"><img loading=\"lazy\" class=\"alignright wp-image-731 size-medium\" src=\"http:\/\/blindernuka.no\/2015\/wp-content\/uploads\/2015\/01\/DSC_0059-249x344.jpg\" alt=\"DSC_0059\" width=\"249\" height=\"344\" srcset=\"https:\/\/blindernuka.no\/2015\/wp-content\/uploads\/2015\/01\/DSC_0059-249x344.jpg 249w, https:\/\/blindernuka.no\/2015\/wp-content\/uploads\/2015\/01\/DSC_0059-332x459.jpg 332w, https:\/\/blindernuka.no\/2015\/wp-content\/uploads\/2015\/01\/DSC_0059.jpg 369w\" sizes=\"(max-width: 249px) 100vw, 249px\" \/><\/a><br \/>\n<\/strong><\/p>\n<p><strong>Alder:<\/strong> 21 \u00e5r<\/p>\n<p><strong>Hjemsted:<\/strong> P-town (Porsgrunn)<\/p>\n<p><strong>Studie:<\/strong> Astrofysikk<\/p>\n<p><strong>Botid p\u00e5 BS:<\/strong> Tre semester<\/p>\n<p>&nbsp;<\/p>\n<p>Trygve er kongen av sarkasme, og den viktigste erfaringen han har \u00e5 komme med i forkant av revyen, er de morsomme tingene han sier noen ganger. Han har ogs\u00e5 v\u00e6rt med p\u00e5 \u00e9n annen revy, og Det Gule Teaters Mor til min s\u00f8nn, men det<\/p>\n<p>er ikke s\u00e5 viktig. Etter Mor til min s\u00f8nn sitter han igjen med noe erfaring innen sang og dans, men forestillingen \u00f8dela ryktet hans her p\u00e5 Blindern.<\/p>\n<p>&nbsp;<\/p>\n<p>Trygve hater \u00e5 f\u00e5 sp\u00f8rsm\u00e5l om forventninger, da han forbinder det med kleine<\/p>\n<p>jobbintervjuer og samtaler i startfasen av et nytt studie. P\u00e5 tross av hans hat til<\/p>\n<p>sp\u00f8rsm\u00e5let klarer han \u00e5 komme med noe, nettopp at han h\u00e5per det blir morsomt,<\/p>\n<p>i og med at det er litt av poenget med en revy. Publikum derimot, har han ingen<\/p>\n<p>forventninger til, de skal jo bare sitte der mens skuespillerne gj\u00f8r den tunge<\/p>\n<p>jobben.<\/p>\n<p>&nbsp;<\/p>\n<p>F\u00f8r han g\u00e5r p\u00e5 scenen passer han p\u00e5 \u00e5 puste, ettersom det er livsviktig. Ellers<\/p>\n<p>prater han med folk, og sitter og slapper av.<\/p>\n<p>&nbsp;<\/p>\n<p><strong>Fullf\u00f8r setningen \u201dJeg har aldri\u2026\u201d:<\/strong> Jeg har aldri falt naken ned trappa og landet<\/p>\n<p>opp\u00e5 mamma. \u201dEr det n\u00e5 jeg skal drikke om jeg har gjort det? Har aldri skj\u00f8nt<\/p>\n<p>greia med denne leken,\u201d sier han og tar en slurk av kaffekoppen sin.<\/p>\n<p>&nbsp;<\/p>\n<p>&nbsp;<\/p>\n<p><strong>Tekst:<\/strong> Mia Emilie J.Fagereng<strong> Foto:<\/strong> Kamilla Wright Larsen<\/p>\n","protected":false},"excerpt":{"rendered":"<p>&nbsp; Robin Sebastian S\u00e6thre Edeklev\u00a0\u00a0\u00a0\u00a0\u00a0\u00a0\u00a0\u00a0\u00a0\u00a0\u00a0\u00a0 Alder: 22 \u00e5r Hjemsted: Oslo Studie: Tegnspr\u00e5k tolkning Botid p\u00e5 BS: Tre semester &nbsp; Oslogutten Robin Sebastian S\u00e6thre Edeklev er 22 \u00e5r gammel, og studerer tegnspr\u00e5k og tolkning. Han har bodd p\u00e5 Blindern Studenterhjem siden h\u00f8sten 2013, og n\u00e5 er han en av de \u00e5tte skuespillerne i revyen \u201dJeg har&#8230;  <a class=\"excerpt-read-more\" href=\"https:\/\/blindernuka.no\/2015\/skuespillere-2\/\" title=\"Read Skuespillere\">Les mer &raquo;<\/a><\/p>\n","protected":false},"author":3,"featured_media":0,"parent":0,"menu_order":0,"comment_status":"closed","ping_status":"open","template":"","meta":[],"_links":{"self":[{"href":"https:\/\/blindernuka.no\/2015\/wp-json\/wp\/v2\/pages\/728"}],"collection":[{"href":"https:\/\/blindernuka.no\/2015\/wp-json\/wp\/v2\/pages"}],"about":[{"href":"https:\/\/blindernuka.no\/2015\/wp-json\/wp\/v2\/types\/page"}],"author":[{"embeddable":true,"href":"https:\/\/blindernuka.no\/2015\/wp-json\/wp\/v2\/users\/3"}],"replies":[{"embeddable":true,"href":"https:\/\/blindernuka.no\/2015\/wp-json\/wp\/v2\/comments?post=728"}],"version-history":[{"count":7,"href":"https:\/\/blindernuka.no\/2015\/wp-json\/wp\/v2\/pages\/728\/revisions"}],"predecessor-version":[{"id":745,"href":"https:\/\/blindernuka.no\/2015\/wp-json\/wp\/v2\/pages\/728\/revisions\/745"}],"wp:attachment":[{"href":"https:\/\/blindernuka.no\/2015\/wp-json\/wp\/v2\/media?parent=728"}],"curies":[{"name":"wp","href":"https:\/\/api.w.org\/{rel}","templated":true}]}}