{"id":74,"date":"2014-10-09T16:50:44","date_gmt":"2014-10-09T14:50:44","guid":{"rendered":"http:\/\/uka.vegard.me\/2015\/?page_id=74"},"modified":"2015-01-23T18:04:20","modified_gmt":"2015-01-23T17:04:20","slug":"samarbeidspartnere","status":"publish","type":"page","link":"https:\/\/blindernuka.no\/2015\/samarbeidspartnere\/","title":{"rendered":"Samarbeidspartnere"},"content":{"rendered":"<p>Samarbeidspartnere<\/p>\n<h2>Hovedsponsorer<\/h2>\n<a href=\"http:\/\/www.olden.no\" target=\"_blank\"><img loading=\"lazy\" class=\"alignleft\" src=\"http:\/\/blindernuka.no\/2013\/img\/sponsorer\/olden.png\" alt=\"Olden - Beskyttet av naturen\" width=\"200\" height=\"144\" \/><\/a>\n<h3>Olden (Hansa Borg Bryggerier)<\/h3>\n<p>Oldens tapperi ligger idyllisk til innerst i Oldedalen i Stryn kommune.<\/p>\n<p>Alt vann som brukes i Oldenproduktene kommer fra Bl\u00e5fjellskilden. Kildevannet stammer fra den 50 km2 store Myklebustbreen hvor vannet i mangfoldige \u00e5r er blitt filtrert gjennom ulike lag av fjell, sand og grus f\u00f8r det ender opp i kilden.<\/p>\n<p>Vannet i Bl\u00e5fjellskilden har en konstant temperatur \u00e5ret rundt p\u00e5 3,5 \u2013 4,0 grader C og en stabil pH-verdi i underkant av 7. Vannet er krystallklart, har et lavt saltinnhold, og en god og frisk smak. Alle breene i omr\u00e5det smeltet helt ned i en varmeperiode for ca. 7000 \u00e5r siden, men Jostedalsbreen og Myklebustbreen ble dannet p\u00e5 nytt for ca. 5000 \u00e5r siden. Dalbunnen i Oldedalen er formet av breen som trakk seg tilbake. N\u00e5 er Oldedalen en lang, smal og flat dalbunn med bratte fjell p\u00e5 begge sider. Jorda er frodig som jordbruksareal og en har et mildt kystklima helt inn til isbreen.<\/p>\n<p><a href=\"http:\/\/www.olden.no\/\" target=\"_blank\">www.olden.no<\/a><\/p>\n<p>&nbsp;<\/p>\n<p><a href=\"http:\/\/blindernuka.no\/2015\/wp-content\/uploads\/2014\/10\/dominos.png\"><img loading=\"lazy\" class=\"alignleft wp-image-766 size-full\" src=\"http:\/\/blindernuka.no\/2015\/wp-content\/uploads\/2014\/10\/dominos.png\" alt=\"dominos\" width=\"180\" height=\"180\" srcset=\"https:\/\/blindernuka.no\/2015\/wp-content\/uploads\/2014\/10\/dominos.png 180w, https:\/\/blindernuka.no\/2015\/wp-content\/uploads\/2014\/10\/dominos-150x150.png 150w, https:\/\/blindernuka.no\/2015\/wp-content\/uploads\/2014\/10\/dominos-125x125.png 125w\" sizes=\"(max-width: 180px) 100vw, 180px\" \/><\/a>Dominos Pizza Norge<\/p>\n<p>&nbsp;<\/p>\n<p>Dominos Pizza vil levere kvalitetsvarer til sultne studenter. Varene kan du kj\u00f8pe til en studentvennlig pris i Bistro Bar, som deler lokaler med Revyscenen.<\/p>\n<p>&nbsp;<\/p>\n","protected":false},"excerpt":{"rendered":"<p>Samarbeidspartnere Hovedsponsorer Olden (Hansa Borg Bryggerier) Oldens tapperi ligger idyllisk til innerst i Oldedalen i Stryn kommune. Alt vann som brukes i Oldenproduktene kommer fra Bl\u00e5fjellskilden. Kildevannet stammer fra den 50 km2 store Myklebustbreen hvor vannet i mangfoldige \u00e5r er blitt filtrert gjennom ulike lag av fjell, sand og grus f\u00f8r det ender opp i&#8230;  <a class=\"excerpt-read-more\" href=\"https:\/\/blindernuka.no\/2015\/samarbeidspartnere\/\" title=\"Read Samarbeidspartnere\">Les mer &raquo;<\/a><\/p>\n","protected":false},"author":1,"featured_media":0,"parent":0,"menu_order":0,"comment_status":"closed","ping_status":"open","template":"","meta":[],"_links":{"self":[{"href":"https:\/\/blindernuka.no\/2015\/wp-json\/wp\/v2\/pages\/74"}],"collection":[{"href":"https:\/\/blindernuka.no\/2015\/wp-json\/wp\/v2\/pages"}],"about":[{"href":"https:\/\/blindernuka.no\/2015\/wp-json\/wp\/v2\/types\/page"}],"author":[{"embeddable":true,"href":"https:\/\/blindernuka.no\/2015\/wp-json\/wp\/v2\/users\/1"}],"replies":[{"embeddable":true,"href":"https:\/\/blindernuka.no\/2015\/wp-json\/wp\/v2\/comments?post=74"}],"version-history":[{"count":4,"href":"https:\/\/blindernuka.no\/2015\/wp-json\/wp\/v2\/pages\/74\/revisions"}],"predecessor-version":[{"id":768,"href":"https:\/\/blindernuka.no\/2015\/wp-json\/wp\/v2\/pages\/74\/revisions\/768"}],"wp:attachment":[{"href":"https:\/\/blindernuka.no\/2015\/wp-json\/wp\/v2\/media?parent=74"}],"curies":[{"name":"wp","href":"https:\/\/api.w.org\/{rel}","templated":true}]}}