{"id":820,"date":"2015-01-26T20:42:17","date_gmt":"2015-01-26T19:42:17","guid":{"rendered":"http:\/\/blindernuka.no\/2015\/?page_id=820"},"modified":"2015-01-26T20:42:17","modified_gmt":"2015-01-26T19:42:17","slug":"quizer","status":"publish","type":"page","link":"https:\/\/blindernuka.no\/2015\/quizer\/","title":{"rendered":"Quizer"},"content":{"rendered":"<ol>\n<li><b>10. februar:<\/b><\/li>\n<\/ol>\n<p><b>19:00: Billa Bar: Samfunnsviterquiz<\/b><\/p>\n<p>Samfunnsvitenskapelig Fakultetsforening stiller som quizmastere og medvertskap p\u00e5 tverrfaglig samfunnsviterquiz i Billa!<\/p>\n<p><strong><strong>\u00a0<\/strong><\/strong><\/p>\n<ol>\n<li><b>11. februar:<\/b><\/li>\n<\/ol>\n<p><b>20:30: Billa Bar: International quiz med Knut Frydenlund<\/b><\/p>\n<p>Knut Frydenlund, universitetsstyrerepresentant og internasjonalt ansvarlig i Studentparlamentet ved UiO, stiller som quizmaster denne kvelden. Quizen blir holdt p\u00e5 engelsk.<\/p>\n<p><strong><strong>\u00a0<\/strong><\/strong><\/p>\n<ol start=\"2\">\n<li><b>12. februar<\/b><\/li>\n<\/ol>\n<p><b>20:00: Billa Bar: Quiz med Medisinernes seksualopplysning<\/b><\/p>\n<p>I anledning erotisk aften vil Medisinernes seksualopplysning gjeste UKA p\u00e5 Blindern som quizmastere.<\/p>\n<p><strong><strong>\u00a0<\/strong><\/strong><\/p>\n<ol start=\"3\">\n<li><b>13. februar<\/b><\/li>\n<\/ol>\n<p><b>20:30: Billa Bar: Quiz med RF-Kjelleren<\/b><\/p>\n<p>Fredagsquizen p\u00e5 RF-kjelleren bes\u00f8ker UKA p\u00e5 Blindern for anledningen. Teknisk-Matematisk aften kan ikke bli det samme uten!<\/p>\n","protected":false},"excerpt":{"rendered":"<p>10. februar: 19:00: Billa Bar: Samfunnsviterquiz Samfunnsvitenskapelig Fakultetsforening stiller som quizmastere og medvertskap p\u00e5 tverrfaglig samfunnsviterquiz i Billa! \u00a0 11. februar: 20:30: Billa Bar: International quiz med Knut Frydenlund Knut Frydenlund, universitetsstyrerepresentant og internasjonalt ansvarlig i Studentparlamentet ved UiO, stiller som quizmaster denne kvelden. Quizen blir holdt p\u00e5 engelsk. \u00a0 12. februar 20:00: Billa Bar:&#8230;  <a class=\"excerpt-read-more\" href=\"https:\/\/blindernuka.no\/2015\/quizer\/\" title=\"Read Quizer\">Les mer &raquo;<\/a><\/p>\n","protected":false},"author":2,"featured_media":0,"parent":0,"menu_order":0,"comment_status":"closed","ping_status":"open","template":"","meta":[],"_links":{"self":[{"href":"https:\/\/blindernuka.no\/2015\/wp-json\/wp\/v2\/pages\/820"}],"collection":[{"href":"https:\/\/blindernuka.no\/2015\/wp-json\/wp\/v2\/pages"}],"about":[{"href":"https:\/\/blindernuka.no\/2015\/wp-json\/wp\/v2\/types\/page"}],"author":[{"embeddable":true,"href":"https:\/\/blindernuka.no\/2015\/wp-json\/wp\/v2\/users\/2"}],"replies":[{"embeddable":true,"href":"https:\/\/blindernuka.no\/2015\/wp-json\/wp\/v2\/comments?post=820"}],"version-history":[{"count":1,"href":"https:\/\/blindernuka.no\/2015\/wp-json\/wp\/v2\/pages\/820\/revisions"}],"predecessor-version":[{"id":825,"href":"https:\/\/blindernuka.no\/2015\/wp-json\/wp\/v2\/pages\/820\/revisions\/825"}],"wp:attachment":[{"href":"https:\/\/blindernuka.no\/2015\/wp-json\/wp\/v2\/media?parent=820"}],"curies":[{"name":"wp","href":"https:\/\/api.w.org\/{rel}","templated":true}]}}