{"id":859,"date":"2015-01-30T16:30:14","date_gmt":"2015-01-30T15:30:14","guid":{"rendered":"http:\/\/blindernuka.no\/2015\/?page_id=859"},"modified":"2015-01-30T16:30:14","modified_gmt":"2015-01-30T15:30:14","slug":"fem-pa-uka","status":"publish","type":"page","link":"https:\/\/blindernuka.no\/2015\/fem-pa-uka\/","title":{"rendered":"&laquo;Fem p\u00e5 UKA&raquo;"},"content":{"rendered":"<div id=\"attachment_872\" style=\"width: 230px\" class=\"wp-caption alignright\"><a href=\"http:\/\/blindernuka.no\/2015\/wp-content\/uploads\/2015\/01\/UKEstyert-Andreas-Vinnelr\u00f8d-Teknisk-Sjef-2.jpg\"><img aria-describedby=\"caption-attachment-872\" loading=\"lazy\" class=\"wp-image-872\" src=\"http:\/\/blindernuka.no\/2015\/wp-content\/uploads\/2015\/01\/UKEstyert-Andreas-Vinnelr\u00f8d-Teknisk-Sjef-2-249x303.jpg\" alt=\"UKEstyert - Andreas Vinnelr\u00f8d - Teknisk Sjef (2)\" width=\"220\" height=\"268\" srcset=\"https:\/\/blindernuka.no\/2015\/wp-content\/uploads\/2015\/01\/UKEstyert-Andreas-Vinnelr\u00f8d-Teknisk-Sjef-2-249x303.jpg 249w, https:\/\/blindernuka.no\/2015\/wp-content\/uploads\/2015\/01\/UKEstyert-Andreas-Vinnelr\u00f8d-Teknisk-Sjef-2.jpg 370w\" sizes=\"(max-width: 220px) 100vw, 220px\" \/><\/a><p id=\"caption-attachment-872\" class=\"wp-caption-text\">Foto:Kamilla Wright Larsen<\/p><\/div>\n<p><strong>Andreas Vinnelr\u00f8d<br \/>\n<\/strong><\/p>\n<p><strong>Alder:<\/strong> 25 \u00e5r<\/p>\n<p><strong>Hjemsted:<\/strong> Stokke<\/p>\n<p><strong>Studie:<\/strong> Elektroingeni\u00f8r<\/p>\n<p><strong>Stilling i UKA:<\/strong> Teknisk sjef<\/p>\n<p><strong>Hva gleder du deg mest til med UKA?:<\/strong> \u00c5 se at UKA Spektrum blir fylt opp av mennesker og god stemning<\/p>\n<p><b>Hvor mange ganger har du v\u00e6rt p\u00e5 UKA? <\/b><\/p>\n<p>Dette er den andre gangen.<\/p>\n<p><b>Hvorfor b\u00f8r Oslo-studenten komme p\u00e5 UKA? <\/b><\/p>\n<p>Fordi vi tilbyr alt fra revy til konserter, \u00f8ldrikking og en H***** tinitus<\/p>\n<p><b>Hvorfor er teknisk gruppe viktig for UKA?<\/b><\/p>\n<p>Vi har ansvar for at alt fra scene til lyd og lys er p\u00e5 plass, Vi er ogs\u00e5 de som drifter anleggene. Uten dette blir det ikke noe UKA.<\/p>\n<p><b><strong>Fullf\u00f8r setningen \u201dJeg har aldri\u2026\u201d:\u00a0 <\/strong><\/b>Jeg har aldri hoppa i kollen p\u00e5 miniski.<\/p>\n<p>&nbsp;<\/p>\n<div id=\"attachment_871\" style=\"width: 230px\" class=\"wp-caption alignright\"><a href=\"http:\/\/blindernuka.no\/2015\/wp-content\/uploads\/2015\/01\/Presse-Amanda-Winther-Nielsen-InernPR-sjef1.jpg\"><img aria-describedby=\"caption-attachment-871\" loading=\"lazy\" class=\"wp-image-871\" src=\"http:\/\/blindernuka.no\/2015\/wp-content\/uploads\/2015\/01\/Presse-Amanda-Winther-Nielsen-InernPR-sjef1-249x283.jpg\" alt=\"Presse - Amanda Winther Nielsen - InernPR-sjef\" width=\"220\" height=\"250\" srcset=\"https:\/\/blindernuka.no\/2015\/wp-content\/uploads\/2015\/01\/Presse-Amanda-Winther-Nielsen-InernPR-sjef1-249x283.jpg 249w, https:\/\/blindernuka.no\/2015\/wp-content\/uploads\/2015\/01\/Presse-Amanda-Winther-Nielsen-InernPR-sjef1.jpg 398w\" sizes=\"(max-width: 220px) 100vw, 220px\" \/><\/a><p id=\"caption-attachment-871\" class=\"wp-caption-text\">Foto: Kamilla Wright Larsen<\/p><\/div>\n<p>&nbsp;<\/p>\n<p><strong>Amanda Winther Nielsen<\/strong><\/p>\n<p><strong>Alder:<\/strong> 20 \u00e5r<\/p>\n<p><strong>Hjemsted<\/strong>: Stavern.<\/p>\n<p><strong>Studie:<\/strong> Sosialt arbeid<\/p>\n<p><strong>Stilling i UKA:<\/strong> Intern-Pr<\/p>\n<p><strong>Hva gleder du deg mest til med UKA? <\/strong>Det jeg gleder meg veldig til er \u00e5 samarbeide med de p\u00e5 hjemmet og bli kjent med nye mennesker s\u00e5klart. Noe av det jeg gleder meg mest til er konsertene og revyen hvor jeg skal drikke, kose meg og ha det utrolig g\u00f8y. UKA blir bra!<\/p>\n<p><b>Hvor mange ganger har du v\u00e6rt p\u00e5 UKA?<\/b> Dette er f\u00f8rste gangen.<\/p>\n<p><b>Hvorfor b\u00f8r Oslo-studenten komme p\u00e5 UKA?\u00a0 <\/b>Jeg synes at folk b\u00f8r ta seg turen til UKA fordi det er sosialt, g\u00f8y og man blir kjent med masse nye mennesker! Dessuten er det utrolig mye g\u00f8y som skjer, alt i fra erotisk aften til revy.<\/p>\n<p><b>Hvorfor er intern-pr viktig for UKA? <\/b>Stillingen min har g\u00e5tt ut p\u00e5 \u00e5 gi informasjon internt p\u00e5 studenthjemmet. Jeg har ogs\u00e5 laget &laquo;UKE-boka&raquo; hvor de som \u00f8nsket \u00e5 bidra kunne skrive seg p\u00e5 ulike n\u00f8kkelstillinger.<\/p>\n<p><strong>Fullf\u00f8r setningen \u201dJeg har aldri\u2026\u201d:\u00a0 <\/strong>Jeg har aldri tatt piercing i nesa.<\/p>\n","protected":false},"excerpt":{"rendered":"<p>Andreas Vinnelr\u00f8d Alder: 25 \u00e5r Hjemsted: Stokke Studie: Elektroingeni\u00f8r Stilling i UKA: Teknisk sjef Hva gleder du deg mest til med UKA?: \u00c5 se at UKA Spektrum blir fylt opp av mennesker og god stemning Hvor mange ganger har du v\u00e6rt p\u00e5 UKA? Dette er den andre gangen. Hvorfor b\u00f8r Oslo-studenten komme p\u00e5 UKA? Fordi&#8230;  <a class=\"excerpt-read-more\" href=\"https:\/\/blindernuka.no\/2015\/fem-pa-uka\/\" title=\"Read &laquo;Fem p\u00e5 UKA&raquo;\">Les mer &raquo;<\/a><\/p>\n","protected":false},"author":3,"featured_media":0,"parent":0,"menu_order":0,"comment_status":"closed","ping_status":"open","template":"","meta":[],"_links":{"self":[{"href":"https:\/\/blindernuka.no\/2015\/wp-json\/wp\/v2\/pages\/859"}],"collection":[{"href":"https:\/\/blindernuka.no\/2015\/wp-json\/wp\/v2\/pages"}],"about":[{"href":"https:\/\/blindernuka.no\/2015\/wp-json\/wp\/v2\/types\/page"}],"author":[{"embeddable":true,"href":"https:\/\/blindernuka.no\/2015\/wp-json\/wp\/v2\/users\/3"}],"replies":[{"embeddable":true,"href":"https:\/\/blindernuka.no\/2015\/wp-json\/wp\/v2\/comments?post=859"}],"version-history":[{"count":2,"href":"https:\/\/blindernuka.no\/2015\/wp-json\/wp\/v2\/pages\/859\/revisions"}],"predecessor-version":[{"id":873,"href":"https:\/\/blindernuka.no\/2015\/wp-json\/wp\/v2\/pages\/859\/revisions\/873"}],"wp:attachment":[{"href":"https:\/\/blindernuka.no\/2015\/wp-json\/wp\/v2\/media?parent=859"}],"curies":[{"name":"wp","href":"https:\/\/api.w.org\/{rel}","templated":true}]}}