{"id":9,"date":"2014-10-08T19:40:07","date_gmt":"2014-10-08T17:40:07","guid":{"rendered":"http:\/\/uka.vegard.me\/2015\/?page_id=9"},"modified":"2014-12-15T19:39:20","modified_gmt":"2014-12-15T18:39:20","slug":"om-uka","status":"publish","type":"page","link":"https:\/\/blindernuka.no\/2015\/om-uka\/","title":{"rendered":"Om UKA"},"content":{"rendered":"<p dir=\"ltr\">Velkommen til UKA p\u00e5 Blindern 2015!<\/p>\n<p>&nbsp;<\/p>\n<p dir=\"ltr\">Nok en gang \u00e5pnes d\u00f8rene til det myteomspunnede studenterhjemmet som rager s\u00e5 praktfullt \u00f8verst p\u00e5 Blindernbakken i Oslo. Hele studenthovedstaden inviteres inn til en unik festivalopplevelse som varer i ti dager, eller 240 timer om du vil. Her kan du oppleve heftige konserter, sexy foredrag, elegante cocktails, passe krevende quizer, humorspekket standup-slam, ulympiske vinterleker og en revy du aldri har sett maken til. For 38. gang siden oppstarten i 1932 setter vi opp Blindenrevyen i Peisestua. Under \u00e5rets studentUKE har revyen f\u00e5tt tittelen \u201cJeg har aldri\u2026\u201d<\/p>\n<p>&nbsp;<\/p>\n<p dir=\"ltr\">UKA p\u00e5 Blindern muliggj\u00f8res av st\u00f8tteordninger, sponsorer, gode hjelpere og en imponerende dugnadsinnsats fra de 220 beboerne p\u00e5 Blindern Studenterhjem. I beboermassen finnes representanter fra omtrent alle utdanningsinstitusjoner i Oslo. Dette spennende mangfoldet av studieretninger og interesser fusjonerer og danner det praktiske, tekniske, kreative, kunstneriske, faglige og festlige utgangspunktet som festivalen springer ut av. I forberedelsestiden snus studenterhjemmet p\u00e5 hodet. Saftdispenseren sprites opp og det snekres rekvisitter, dekoreres, og rigges i hver ledige krok. Tre scener, seks barer og tohundre funksjon\u00e6rer er klare for \u00e5 ta i mot lystene festivalgjengere. P\u00e5 hovedscenen, som vi s\u00e5 beskjedent har d\u00f8pt UKA Spektrum, er forholdene tilrettelagt for minneverdige og prisvennlige konsertopplevelser. I den brune puben Ulka blir det intimkonserter og trubadurutfoldelse. En tur p\u00e5 unisex-toalettet er en opplevelse i seg selv, og som mye annet er det gratis inngang! Mellom fredede pissoarer fra 20-tallet st\u00e5r der et piano som ypper til allsang. Toaletturen blir gjerne lengre enn planlagt da f\u00e5 klarer \u00e5 rive seg l\u00f8s fra MacGyvers kjenningsl\u00e5t eller en Journey-medley.<\/p>\n<p>&nbsp;<\/p>\n<p dir=\"ltr\">Det er ikke uten grunn at en tidligere UKEsjef fra bartebyen uttalte at: \u201cUKA i Trondheim er Norges st\u00f8rste kulturfestival, UKA p\u00e5 Blindern er Norges st\u00f8rste hjemmealene-fest, og det siste er j\u00e6vlig mye morsommere!\u201d. Her er vi klare for \u00e5 gi deg den gode UKEstemningen. H\u00e5per du f\u00e5r et fortreffelig festivalopphold p\u00e5 Blindern Studenterhjem .<\/p>\n<p>&nbsp;<\/p>\n<p dir=\"ltr\">P\u00e5 vegne av beboerne vil jeg \u00f8nske hjertelig velkommen til UKA p\u00e5 Blindern 2015<br \/>\n&#8211; Norges st\u00f8rste hjemmealene-festival!<\/p>\n<p>Med vennlig UKEhilsen,<br \/>\nAnna N\u00f8kland<br \/>\nUKEsjef, UKA p\u00e5 Blindern 2015<\/p>\n<p>&nbsp;<\/p>\n<p>&nbsp;<\/p>\n<a href=\"http:\/\/blindernuka.no\/2015\/wp-content\/uploads\/2014\/10\/hvitbakgrunn_crop.jpg\"><img loading=\"lazy\" class=\"alignnone wp-image-450 size-medium\" src=\"http:\/\/blindernuka.no\/2015\/wp-content\/uploads\/2014\/10\/hvitbakgrunn_crop-240x300.jpg\" alt=\"hvitbakgrunn_crop\" width=\"240\" height=\"300\" srcset=\"https:\/\/blindernuka.no\/2015\/wp-content\/uploads\/2014\/10\/hvitbakgrunn_crop-240x300.jpg 240w, https:\/\/blindernuka.no\/2015\/wp-content\/uploads\/2014\/10\/hvitbakgrunn_crop-820x1024.jpg 820w\" sizes=\"(max-width: 240px) 100vw, 240px\" \/><\/a>\n","protected":false},"excerpt":{"rendered":"<p>Velkommen til UKA p\u00e5 Blindern 2015! &nbsp; Nok en gang \u00e5pnes d\u00f8rene til det myteomspunnede studenterhjemmet som rager s\u00e5 praktfullt \u00f8verst p\u00e5 Blindernbakken i Oslo. Hele studenthovedstaden inviteres inn til en unik festivalopplevelse som varer i ti dager, eller 240 timer om du vil. Her kan du oppleve heftige konserter, sexy foredrag, elegante cocktails, passe&#8230;  <a class=\"excerpt-read-more\" href=\"https:\/\/blindernuka.no\/2015\/om-uka\/\" title=\"Read Om UKA\">Les mer &raquo;<\/a><\/p>\n","protected":false},"author":1,"featured_media":0,"parent":0,"menu_order":0,"comment_status":"closed","ping_status":"open","template":"","meta":[],"_links":{"self":[{"href":"https:\/\/blindernuka.no\/2015\/wp-json\/wp\/v2\/pages\/9"}],"collection":[{"href":"https:\/\/blindernuka.no\/2015\/wp-json\/wp\/v2\/pages"}],"about":[{"href":"https:\/\/blindernuka.no\/2015\/wp-json\/wp\/v2\/types\/page"}],"author":[{"embeddable":true,"href":"https:\/\/blindernuka.no\/2015\/wp-json\/wp\/v2\/users\/1"}],"replies":[{"embeddable":true,"href":"https:\/\/blindernuka.no\/2015\/wp-json\/wp\/v2\/comments?post=9"}],"version-history":[{"count":9,"href":"https:\/\/blindernuka.no\/2015\/wp-json\/wp\/v2\/pages\/9\/revisions"}],"predecessor-version":[{"id":644,"href":"https:\/\/blindernuka.no\/2015\/wp-json\/wp\/v2\/pages\/9\/revisions\/644"}],"wp:attachment":[{"href":"https:\/\/blindernuka.no\/2015\/wp-json\/wp\/v2\/media?parent=9"}],"curies":[{"name":"wp","href":"https:\/\/api.w.org\/{rel}","templated":true}]}}