{"id":968,"date":"2015-02-13T13:56:06","date_gmt":"2015-02-13T12:56:06","guid":{"rendered":"http:\/\/blindernuka.no\/2015\/?page_id=968"},"modified":"2015-02-13T15:45:46","modified_gmt":"2015-02-13T14:45:46","slug":"ukeorganisasjonen","status":"publish","type":"page","link":"https:\/\/blindernuka.no\/2015\/ukeorganisasjonen\/","title":{"rendered":"UKEorganisasjonen"},"content":{"rendered":"<p><a href=\"http:\/\/blindernuka.no\/2015\/wp-content\/uploads\/2015\/02\/orgkart-til-nettside.pdf\"><img loading=\"lazy\" class=\"alignnone size-full wp-image-969\" src=\"http:\/\/blindernuka.no\/2015\/wp-content\/uploads\/2015\/02\/11001155_10204569062481128_1011737275_o-1.jpg\" alt=\"UKA 2015 organisasjonskart\" width=\"1621\" height=\"1252\" srcset=\"https:\/\/blindernuka.no\/2015\/wp-content\/uploads\/2015\/02\/11001155_10204569062481128_1011737275_o-1.jpg 1621w, https:\/\/blindernuka.no\/2015\/wp-content\/uploads\/2015\/02\/11001155_10204569062481128_1011737275_o-1-249x192.jpg 249w, https:\/\/blindernuka.no\/2015\/wp-content\/uploads\/2015\/02\/11001155_10204569062481128_1011737275_o-1-689x532.jpg 689w, https:\/\/blindernuka.no\/2015\/wp-content\/uploads\/2015\/02\/11001155_10204569062481128_1011737275_o-1-594x459.jpg 594w\" sizes=\"(max-width: 1621px) 100vw, 1621px\" \/><\/a>V\u00e5re kj\u00e6re n\u00f8kkelstillinger jobber hardt for \u00e5 gi deg den beste opplevelsen man kan f\u00e5 her p\u00e5 UKA p\u00e5 Blindern! I tillegg til disse jobber 90% av beboerne ved Blindern Studenterhjem som vakter, bartendere, bl\u00e6stere, fotografer, dekorat\u00f8rer, teknikere, vertskap og fyller mange flere oppgaver som tilsammen gj\u00f8r at vi kan skape UKA p\u00e5 Blindern! Tusen takk til alle sammen!<\/p>\n<p>&nbsp;<\/p>\n<p>&nbsp;<\/p>\n<p>&nbsp;<\/p>\n","protected":false},"excerpt":{"rendered":"<p>V\u00e5re kj\u00e6re n\u00f8kkelstillinger jobber hardt for \u00e5 gi deg den beste opplevelsen man kan f\u00e5 her p\u00e5 UKA p\u00e5 Blindern! I tillegg til disse jobber 90% av beboerne ved Blindern Studenterhjem som vakter, bartendere, bl\u00e6stere, fotografer, dekorat\u00f8rer, teknikere, vertskap og fyller mange flere oppgaver som tilsammen gj\u00f8r at vi kan skape UKA p\u00e5 Blindern! Tusen&#8230;  <a class=\"excerpt-read-more\" href=\"https:\/\/blindernuka.no\/2015\/ukeorganisasjonen\/\" title=\"Read UKEorganisasjonen\">Les mer &raquo;<\/a><\/p>\n","protected":false},"author":2,"featured_media":0,"parent":0,"menu_order":0,"comment_status":"closed","ping_status":"open","template":"","meta":[],"_links":{"self":[{"href":"https:\/\/blindernuka.no\/2015\/wp-json\/wp\/v2\/pages\/968"}],"collection":[{"href":"https:\/\/blindernuka.no\/2015\/wp-json\/wp\/v2\/pages"}],"about":[{"href":"https:\/\/blindernuka.no\/2015\/wp-json\/wp\/v2\/types\/page"}],"author":[{"embeddable":true,"href":"https:\/\/blindernuka.no\/2015\/wp-json\/wp\/v2\/users\/2"}],"replies":[{"embeddable":true,"href":"https:\/\/blindernuka.no\/2015\/wp-json\/wp\/v2\/comments?post=968"}],"version-history":[{"count":5,"href":"https:\/\/blindernuka.no\/2015\/wp-json\/wp\/v2\/pages\/968\/revisions"}],"predecessor-version":[{"id":976,"href":"https:\/\/blindernuka.no\/2015\/wp-json\/wp\/v2\/pages\/968\/revisions\/976"}],"wp:attachment":[{"href":"https:\/\/blindernuka.no\/2015\/wp-json\/wp\/v2\/media?parent=968"}],"curies":[{"name":"wp","href":"https:\/\/api.w.org\/{rel}","templated":true}]}}