{"id":5,"date":"2016-07-12T23:00:40","date_gmt":"2016-07-12T23:00:40","guid":{"rendered":"http:\/\/uka.joknuden.no\/?page_id=5"},"modified":"2016-08-21T22:23:24","modified_gmt":"2016-08-21T20:23:24","slug":"om-uka","status":"publish","type":"page","link":"https:\/\/blindernuka.no\/2016\/om-uka\/","title":{"rendered":"Om UKA"},"content":{"rendered":"<p>UKA p\u00e5 Blindern er en studentfestival av og for Oslos studenter. UKA\u00a0arrangeres i februar hvert oddetalls\u00e5r, med miniUKA som oppvarming et halvt \u00e5r f\u00f8r. Festivalen drives av Blindernbeboernes sterke dugnads\u00e5nd og gode st\u00e5 p\u00e5-vilje, ledet av UKEstyret med UKEsjefen i spissen.\u00a0Gang p\u00e5 gang skaper disse menneskene tidenes studentfestival for deg og dine venner!<\/p>\n<p>UKA er en videref\u00f8ring av det tradisjonelle arrangementet Blindernrevyen, som har tatt sted helt siden 1932. P\u00e5 90-tallet ble Blindernrevyen en del av UKA-nettverket sammen med blant annet UKA i Trondheim, UKA i \u00c5s og UKEN i Bergen, og i 2003\u00a0steg offisielt navnet &#8220;UKA p\u00e5 Blindern&#8221; inn i rekken.<\/p>\n<p>P\u00e5 UKA p\u00e5 Blindern kan vi friste med revy, konserter, temakvelder, foredrag, stand-up, konkurranser og dagsaktiviteter. Vi har seks barer med forskjellige temaer i v\u00e5re lokaler. Alt fra Galleriet Bar med flygel, drinker og en roligere atmosf\u00e6re, til v\u00e5r brune pub Ulka som settes opp i v\u00e5rt helt eget romerbad. I UKA Spektrum kan vi lokke med konserter og liv, p\u00e5 Peisestuas scene spilles selveste revyen, og i Ulka sl\u00e5r trubadurene seg l\u00f8s. Tar du deg en tur p\u00e5 Billa Bars toalett, er det ikke sikkert du kommer deg ut med det f\u00f8rste, for der har vi nemlig et piano, som blir godt tatt i bruk til allsang.<\/p>\n<p>Vi vil \u00f8nske deg hjertelig velkommen til UKA p\u00e5 Blindern, 1.-11. februar 2017, og miniUKA p\u00e5 Blindern 22.-23. august 2016. Vi kan love deg god stemning, studentvennlige priser, og garantert gode minner!<\/p>\n<p>Det er som vi sier: Borte bra, Blindern best!<\/p>\n<p>Vi sees p\u00e5 UKA!<\/p>\n","protected":false},"excerpt":{"rendered":"<p> [&hellip;]<\/p>\n","protected":false},"author":1,"featured_media":0,"parent":0,"menu_order":0,"comment_status":"closed","ping_status":"closed","template":"","meta":[],"_links":{"self":[{"href":"https:\/\/blindernuka.no\/2016\/wp-json\/wp\/v2\/pages\/5"}],"collection":[{"href":"https:\/\/blindernuka.no\/2016\/wp-json\/wp\/v2\/pages"}],"about":[{"href":"https:\/\/blindernuka.no\/2016\/wp-json\/wp\/v2\/types\/page"}],"author":[{"embeddable":true,"href":"https:\/\/blindernuka.no\/2016\/wp-json\/wp\/v2\/users\/1"}],"replies":[{"embeddable":true,"href":"https:\/\/blindernuka.no\/2016\/wp-json\/wp\/v2\/comments?post=5"}],"version-history":[{"count":6,"href":"https:\/\/blindernuka.no\/2016\/wp-json\/wp\/v2\/pages\/5\/revisions"}],"predecessor-version":[{"id":111,"href":"https:\/\/blindernuka.no\/2016\/wp-json\/wp\/v2\/pages\/5\/revisions\/111"}],"wp:attachment":[{"href":"https:\/\/blindernuka.no\/2016\/wp-json\/wp\/v2\/media?parent=5"}],"curies":[{"name":"wp","href":"https:\/\/api.w.org\/{rel}","templated":true}]}}