{"id":140,"date":"2017-01-03T05:51:33","date_gmt":"2017-01-03T04:51:33","guid":{"rendered":"http:\/\/wp.vegarda.no\/?page_id=140"},"modified":"2017-01-13T20:16:45","modified_gmt":"2017-01-13T19:16:45","slug":"ukestyret","status":"publish","type":"page","link":"https:\/\/blindernuka.no\/2017\/om-uka\/ukestyret\/","title":{"rendered":"UKEstyret"},"content":{"rendered":"<p><img loading=\"lazy\" class=\"size-large wp-image-176 aligncenter\" src=\"http:\/\/blindernuka.no\/2017\/wp-content\/uploads\/2017\/01\/image-1-648x471.jpeg\" alt=\"\" width=\"648\" height=\"471\" srcset=\"https:\/\/blindernuka.no\/2017\/wp-content\/uploads\/2017\/01\/image-1-648x471.jpeg 648w, https:\/\/blindernuka.no\/2017\/wp-content\/uploads\/2017\/01\/image-1-162x118.jpeg 162w, https:\/\/blindernuka.no\/2017\/wp-content\/uploads\/2017\/01\/image-1-216x157.jpeg 216w, https:\/\/blindernuka.no\/2017\/wp-content\/uploads\/2017\/01\/image-1-768x558.jpeg 768w, https:\/\/blindernuka.no\/2017\/wp-content\/uploads\/2017\/01\/image-1-486x353.jpeg 486w, https:\/\/blindernuka.no\/2017\/wp-content\/uploads\/2017\/01\/image-1.jpeg 2048w\" sizes=\"(max-width: 648px) 100vw, 648px\" \/><\/p>\n<p>F.v.: Bj\u00f8rn Anders Hoffstad Reutz, Trygve Leithe Svalheim, Line Standal S\u00f8rnes, Marthe Helene Sandli, Sebastian Gregorius Winther-Larsen, Mia Emilie Fagereng, Kjersti Fossen, \u00d8yvind Berg.<\/p>\n<p><strong>UKEsjef:<\/strong><br \/>\nMarthe Helene Sandli<br \/>\n<a href=\"mailto:ukesjef@blindernuka.no\">ukesjef@blindernuka.no<\/a><br \/>\n980 78 675<\/p>\n<p><strong>Pressesjef:<\/strong><br \/>\nMia Emilie Fagereng<br \/>\n<a href=\"mailto:presse@blindernuka.no\">presse@blindernuka.no<\/a><br \/>\n922 17 809<\/p>\n<p><strong>Arrangementssjef:<\/strong><br \/>\nKjersti Fossen<br \/>\n<a href=\"mailto:arrangement@blindernuka.no\">arrangement@blindernuka.no<\/a><br \/>\n917 44 287<\/p>\n<p><strong>Revysjef:<\/strong><br \/>\nTrygve Leithe Svalheim<br \/>\n<a href=\"mailto:revy@blindernuka.no\">revy@blindernuka.no<\/a><br \/>\n922 55 831<\/p>\n<p><strong>Markedssjef:<\/strong><br \/>\nLine Standal S\u00f8rnes<br \/>\n<a href=\"mailto:marked@blindernuka.no\">marked@blindernuka.no<\/a><br \/>\n915 41 071<\/p>\n<p><strong>\u00d8konomisjef:<\/strong><br \/>\nSebastian Gregorius Winther-Larsen<br \/>\n<a href=\"mailto:okonomi@blindernuka.no\">okonomi@blindernuka.no<\/a><br \/>\n901 32 437<\/p>\n<p><strong>Teknisk sjef:<\/strong><br \/>\n\u00d8yvind Thomkhieo Berg<br \/>\n<a href=\"mailto:teknisk@blindernuka.no\">teknisk@blindernuka.no<\/a><br \/>\n481 95 819<\/p>\n<p><strong>Kjellermester:<\/strong><br \/>\nBj\u00f8rn Anders Hoffstad Reutz<br \/>\n<a href=\"mailto:kjellermester@blindernuka.no\">kjellermester@blindernuka.no<\/a><br \/>\n466 29 015<\/p>\n","protected":false},"excerpt":{"rendered":"<p> [&hellip;]<\/p>\n","protected":false},"author":1,"featured_media":0,"parent":75,"menu_order":0,"comment_status":"closed","ping_status":"closed","template":"","meta":[],"_links":{"self":[{"href":"https:\/\/blindernuka.no\/2017\/wp-json\/wp\/v2\/pages\/140"}],"collection":[{"href":"https:\/\/blindernuka.no\/2017\/wp-json\/wp\/v2\/pages"}],"about":[{"href":"https:\/\/blindernuka.no\/2017\/wp-json\/wp\/v2\/types\/page"}],"author":[{"embeddable":true,"href":"https:\/\/blindernuka.no\/2017\/wp-json\/wp\/v2\/users\/1"}],"replies":[{"embeddable":true,"href":"https:\/\/blindernuka.no\/2017\/wp-json\/wp\/v2\/comments?post=140"}],"version-history":[{"count":4,"href":"https:\/\/blindernuka.no\/2017\/wp-json\/wp\/v2\/pages\/140\/revisions"}],"predecessor-version":[{"id":215,"href":"https:\/\/blindernuka.no\/2017\/wp-json\/wp\/v2\/pages\/140\/revisions\/215"}],"up":[{"embeddable":true,"href":"https:\/\/blindernuka.no\/2017\/wp-json\/wp\/v2\/pages\/75"}],"wp:attachment":[{"href":"https:\/\/blindernuka.no\/2017\/wp-json\/wp\/v2\/media?parent=140"}],"curies":[{"name":"wp","href":"https:\/\/api.w.org\/{rel}","templated":true}]}}