{"id":159,"date":"2017-01-03T13:28:51","date_gmt":"2017-01-03T12:28:51","guid":{"rendered":"http:\/\/blindernuka.no\/2017\/?page_id=159"},"modified":"2017-01-03T13:31:49","modified_gmt":"2017-01-03T12:31:49","slug":"ukesjefens-hilsen","status":"publish","type":"page","link":"https:\/\/blindernuka.no\/2017\/om-uka\/ukesjefens-hilsen\/","title":{"rendered":"UKEsjefens hilsen"},"content":{"rendered":"<p>Velkommen til UKA p\u00e5 Blindern 2017!<\/p>\n<p>N\u00e5 er det alt to \u00e5r siden UKA ble arrangert sist, og 1.februar er vi endelig i gang igjen! Studenterhjemmet \u00e5pner sine d\u00f8rer og \u00f8nsker hovedstadens studenter velkommen til en festivalopplevelse utenom det vanlige. I hele ti dager er vi klare til \u00e5 gi dere konserter, foredrag, quizer, standup-slam, ulympiske leker, speed-dating og en revy du sent vil glemme! Med 85 \u00e5r med tradisjon \u00e5 lene seg p\u00e5 settes Blindernrevyen opp for 39.gang. \u00c5rets studentUKErevy tar for seg maktbalansen, og har f\u00e5tt tittelen \u201cFull Makt\u201d. Gled dere!<\/p>\n<p>UKA p\u00e5 Blindern muliggj\u00f8res av st\u00f8tteordninger, sponsorer, gode hjelpere og en imponerende dugnadsinnsats fra de 220 beboerne p\u00e5 Blindern Studenterhjem. I beboermassen finnes representanter fra omtrent alle utdanningsinstitusjoner i Oslo, og denne sammensetningen av kreative, tekniske, praktiske, faglige og festlige sjeler gj\u00f8r UKA p\u00e5 Blindern til noe helt spesielt. Det ligger utallige timer bak, og forberedelsene snur hele studenterhjemmet p\u00e5 hodet. Tre scener skal bygges, fem barer skal settes i stand, rekvisitter skal snekres, kostymer sys, dekor skal p\u00e5 plass og mye mer. Blindern studenterhjems beboere er med dette klare til \u00e5 ta imot engasjerte og lystne festivalgjengere. P\u00e5 hovedscenen, UKA Spektrum, er forholdene tilrettelagt for minneverdige og studentprisvennlige konsertopplevelser. I den brune puben Ulka blir det intimkonserter og trubadurutfoldelse. En tur p\u00e5 unisex-toalettet er en opplevelse i seg selv, og som mye annet er det gratis inngang! Mellom fredede pissoarer fra 20-tallet st\u00e5r det et piano som ypper til allsang og s\u00e6rdeles god stemning.<\/p>\n<p>Vi er klare til \u00e5 gi deg den gode UKEstemningen og vise hva Blindern Studenterhjem kan tilby, og husk;<\/p>\n<p>Borte Bra, Blindern Best!<\/p>\n<p>P\u00e5 vegne av beboerne vil jeg \u00f8nske hjertelig velkommen til UKA p\u00e5 Blindern 2017!<\/p>\n<p>&nbsp;<\/p>\n<p>Med vennlig UKEhilsen<\/p>\n<p>Marthe Helene Sandli<\/p>\n<p>UKEsjef, UKA p\u00e5 Blindern 2017<\/p>\n","protected":false},"excerpt":{"rendered":"<p> [&hellip;]<\/p>\n","protected":false},"author":1,"featured_media":0,"parent":75,"menu_order":0,"comment_status":"closed","ping_status":"closed","template":"","meta":[],"_links":{"self":[{"href":"https:\/\/blindernuka.no\/2017\/wp-json\/wp\/v2\/pages\/159"}],"collection":[{"href":"https:\/\/blindernuka.no\/2017\/wp-json\/wp\/v2\/pages"}],"about":[{"href":"https:\/\/blindernuka.no\/2017\/wp-json\/wp\/v2\/types\/page"}],"author":[{"embeddable":true,"href":"https:\/\/blindernuka.no\/2017\/wp-json\/wp\/v2\/users\/1"}],"replies":[{"embeddable":true,"href":"https:\/\/blindernuka.no\/2017\/wp-json\/wp\/v2\/comments?post=159"}],"version-history":[{"count":2,"href":"https:\/\/blindernuka.no\/2017\/wp-json\/wp\/v2\/pages\/159\/revisions"}],"predecessor-version":[{"id":162,"href":"https:\/\/blindernuka.no\/2017\/wp-json\/wp\/v2\/pages\/159\/revisions\/162"}],"up":[{"embeddable":true,"href":"https:\/\/blindernuka.no\/2017\/wp-json\/wp\/v2\/pages\/75"}],"wp:attachment":[{"href":"https:\/\/blindernuka.no\/2017\/wp-json\/wp\/v2\/media?parent=159"}],"curies":[{"name":"wp","href":"https:\/\/api.w.org\/{rel}","templated":true}]}}