{"id":298,"date":"2017-01-31T14:42:08","date_gmt":"2017-01-31T13:42:08","guid":{"rendered":"http:\/\/blindernuka.no\/2017\/?page_id=298"},"modified":"2017-02-01T17:48:39","modified_gmt":"2017-02-01T16:48:39","slug":"samarbeidspartnere","status":"publish","type":"page","link":"https:\/\/blindernuka.no\/2017\/om-uka\/samarbeidspartnere\/","title":{"rendered":"Samarbeidspartnere"},"content":{"rendered":"<h2>Dolly Dimple\u2019s &#8211; Norges beste pizzaopplevelse<\/h2>\n<h3><img loading=\"lazy\" class=\"alignnone wp-image-331\" src=\"http:\/\/blindernuka.no\/2017\/wp-content\/uploads\/2017\/01\/Hovedlogo-RGB.jpg\" alt=\"\" width=\"425\" height=\"185\" srcset=\"https:\/\/blindernuka.no\/2017\/wp-content\/uploads\/2017\/01\/Hovedlogo-RGB.jpg 1500w, https:\/\/blindernuka.no\/2017\/wp-content\/uploads\/2017\/01\/Hovedlogo-RGB-144x63.jpg 144w, https:\/\/blindernuka.no\/2017\/wp-content\/uploads\/2017\/01\/Hovedlogo-RGB-288x125.jpg 288w, https:\/\/blindernuka.no\/2017\/wp-content\/uploads\/2017\/01\/Hovedlogo-RGB-768x334.jpg 768w, https:\/\/blindernuka.no\/2017\/wp-content\/uploads\/2017\/01\/Hovedlogo-RGB-576x251.jpg 576w, https:\/\/blindernuka.no\/2017\/wp-content\/uploads\/2017\/01\/Hovedlogo-RGB-432x188.jpg 432w\" sizes=\"(max-width: 425px) 100vw, 425px\" \/><\/h3>\n<p>Dolly Dimple\u2019s er en av Norges st\u00f8rste pizzakjeder, med 42 restauranter fordelt over hele landet og nesten 700 ansatte. Kjeden ble grunnlagt i 1986 i Sandnes av gr\u00fcnderen Andreas Hatjoullis. Kjeden har siden 2012 v\u00e6rt 100 % eid av NorgesGruppen og hovedkontoret ligger i Oslo.\u00a0\u00a0<u><\/u><u><\/u><\/p>\n<p>Vi baker ferske bunner hver dag. I tillegg har vi v\u00e5r egenutviklede pizzasaus og egen marinade for biff og kylling. Vi baker sjampinjongen selv, vi jakter de beste r\u00e5varene og topper pizzaen v\u00e5r med ekte norsk mozarella og gulost. Alt dette for at du som kunde hos oss skal ha den beste pizzaopplevelsen hver gang.<u><\/u><u><\/u><\/p>\n<p>Vi har som m\u00e5l \u00e5 levere Norges beste pizza opplevelse til alle v\u00e5re kunder. V\u00e5re verdier er: stolt, leken, sjener\u00f8s og sulten, og disse sier noe om hvem vi er og hva som skal kjennetegne oss ute i markedet. Vi tilbyr smaksopplevelser til kunder som er ekte pizzaelskere.<\/p>\n<p><b>\u00a0<\/b><\/p>\n<h3>DnB<\/h3>\n<p><img loading=\"lazy\" class=\"alignnone wp-image-332\" src=\"http:\/\/blindernuka.no\/2017\/wp-content\/uploads\/2017\/01\/DNB_logo_RGB_0-114-114_solid.jpg\" alt=\"\" width=\"325\" height=\"166\" srcset=\"https:\/\/blindernuka.no\/2017\/wp-content\/uploads\/2017\/01\/DNB_logo_RGB_0-114-114_solid.jpg 917w, https:\/\/blindernuka.no\/2017\/wp-content\/uploads\/2017\/01\/DNB_logo_RGB_0-114-114_solid-144x74.jpg 144w, https:\/\/blindernuka.no\/2017\/wp-content\/uploads\/2017\/01\/DNB_logo_RGB_0-114-114_solid-288x147.jpg 288w, https:\/\/blindernuka.no\/2017\/wp-content\/uploads\/2017\/01\/DNB_logo_RGB_0-114-114_solid-768x393.jpg 768w, https:\/\/blindernuka.no\/2017\/wp-content\/uploads\/2017\/01\/DNB_logo_RGB_0-114-114_solid-576x295.jpg 576w, https:\/\/blindernuka.no\/2017\/wp-content\/uploads\/2017\/01\/DNB_logo_RGB_0-114-114_solid-432x221.jpg 432w\" sizes=\"(max-width: 325px) 100vw, 325px\" \/><\/p>\n<p>M\u00e5lt etter markedsverdi er DNB Norges st\u00f8rste og\u00a0et av\u00a0Nordens st\u00f8rste finanskonsern.<\/p>\n<p>Internasjonalt er de\u00a0ledende innen shipping, energi, fiskeri og sj\u00f8mat.<\/p>\n<p>Med\u00a0et komplett tilbud av finansielle tjenester,\u00a0tilbyr de\u00a0blant annet l\u00e5n, sparing, r\u00e5dgivning, forsikring og pensjon for personkunder og bedriftskunder.<\/p>\n<p>Hos DnB\u00a0kan du raskt og enkelt bli kunde. Du f\u00e5r blant annet nettbank, s\u00e5 mange kontoer du \u00f8nsker og d\u00f8gn\u00e5pen service hele \u00e5ret &#8211; helt gratis!<\/p>\n<p>&nbsp;<\/p>\n<h3>Olden (Hansa Borg Bryggerier)<\/h3>\n<h3><img loading=\"lazy\" class=\"alignnone wp-image-333\" src=\"http:\/\/blindernuka.no\/2017\/wp-content\/uploads\/2017\/01\/olden.png\" alt=\"\" width=\"288\" height=\"207\" srcset=\"https:\/\/blindernuka.no\/2017\/wp-content\/uploads\/2017\/01\/olden.png 200w, https:\/\/blindernuka.no\/2017\/wp-content\/uploads\/2017\/01\/olden-144x104.png 144w\" sizes=\"(max-width: 288px) 100vw, 288px\" \/><\/h3>\n<p>Oldens tapperi ligger idyllisk til innerst i Oldedalen i Stryn kommune.<\/p>\n<p>Alt vann som brukes i Oldenproduktene kommer fra Bl\u00e5fjellskilden. Kildevannet stammer fra den 50 km2 store Myklebustbreen hvor vannet i mangfoldige \u00e5r er blitt filtrert gjennom ulike lag av fjell, sand og grus f\u00f8r det ender opp i kilden.<\/p>\n<p>Vannet i Bl\u00e5fjellskilden har en konstant temperatur \u00e5ret rundt p\u00e5 3,5 \u2013 4,0 grader C og en stabil pH-verdi i underkant av 7. Vannet er krystallklart, har et lavt saltinnhold, og en god og frisk smak. Alle breene i omr\u00e5det smeltet helt ned i en varmeperiode for ca. 7000 \u00e5r siden, men Jostedalsbreen og Myklebustbreen ble dannet p\u00e5 nytt for ca. 5000 \u00e5r siden.Dalbunnen i Oldedalen er formet av breen som trakk seg tilbake. N\u00e5 er Oldedalen en lang, smal og flat dalbunn med bratte fjell p\u00e5 begge sider. Jorda er frodig som jordbruksareal og en har et mildt kystklima helt inn til isbreen.<\/p>\n<p><a href=\"http:\/\/www.olden.no\/\" target=\"_blank\">www.olden.no<\/a><\/p>\n<p>&nbsp;<\/p>\n<p><img loading=\"lazy\" class=\"wp-image-334 aligncenter\" src=\"http:\/\/blindernuka.no\/2017\/wp-content\/uploads\/2017\/01\/Allkopi_186RGB.png\" alt=\"\" width=\"302\" height=\"92\" srcset=\"https:\/\/blindernuka.no\/2017\/wp-content\/uploads\/2017\/01\/Allkopi_186RGB.png 2235w, https:\/\/blindernuka.no\/2017\/wp-content\/uploads\/2017\/01\/Allkopi_186RGB-144x44.png 144w, https:\/\/blindernuka.no\/2017\/wp-content\/uploads\/2017\/01\/Allkopi_186RGB-288x88.png 288w, https:\/\/blindernuka.no\/2017\/wp-content\/uploads\/2017\/01\/Allkopi_186RGB-768x234.png 768w, https:\/\/blindernuka.no\/2017\/wp-content\/uploads\/2017\/01\/Allkopi_186RGB-576x176.png 576w, https:\/\/blindernuka.no\/2017\/wp-content\/uploads\/2017\/01\/Allkopi_186RGB-432x132.png 432w\" sizes=\"(max-width: 302px) 100vw, 302px\" \/><\/p>\n<p><img loading=\"lazy\" class=\"wp-image-336 aligncenter\" src=\"http:\/\/blindernuka.no\/2017\/wp-content\/uploads\/2017\/01\/Akademika_logo.jpg\" alt=\"\" width=\"393\" height=\"99\" srcset=\"https:\/\/blindernuka.no\/2017\/wp-content\/uploads\/2017\/01\/Akademika_logo.jpg 602w, https:\/\/blindernuka.no\/2017\/wp-content\/uploads\/2017\/01\/Akademika_logo-144x36.jpg 144w, https:\/\/blindernuka.no\/2017\/wp-content\/uploads\/2017\/01\/Akademika_logo-288x73.jpg 288w, https:\/\/blindernuka.no\/2017\/wp-content\/uploads\/2017\/01\/Akademika_logo-576x145.jpg 576w, https:\/\/blindernuka.no\/2017\/wp-content\/uploads\/2017\/01\/Akademika_logo-432x109.jpg 432w\" sizes=\"(max-width: 393px) 100vw, 393px\" \/><\/p>\n<p><img loading=\"lazy\" class=\"size-full wp-image-335 aligncenter\" src=\"http:\/\/blindernuka.no\/2017\/wp-content\/uploads\/2017\/01\/6217882.png\" alt=\"\" width=\"200\" height=\"200\" srcset=\"https:\/\/blindernuka.no\/2017\/wp-content\/uploads\/2017\/01\/6217882.png 200w, https:\/\/blindernuka.no\/2017\/wp-content\/uploads\/2017\/01\/6217882-144x144.png 144w\" sizes=\"(max-width: 200px) 100vw, 200px\" \/><\/p>\n<p><img loading=\"lazy\" class=\" wp-image-337 aligncenter\" src=\"http:\/\/blindernuka.no\/2017\/wp-content\/uploads\/2017\/01\/logo_0.png\" alt=\"\" width=\"257\" height=\"57\" srcset=\"https:\/\/blindernuka.no\/2017\/wp-content\/uploads\/2017\/01\/logo_0.png 194w, https:\/\/blindernuka.no\/2017\/wp-content\/uploads\/2017\/01\/logo_0-144x32.png 144w\" sizes=\"(max-width: 257px) 100vw, 257px\" \/><\/p>\n","protected":false},"excerpt":{"rendered":"<p> [&hellip;]<\/p>\n","protected":false},"author":1,"featured_media":0,"parent":75,"menu_order":0,"comment_status":"closed","ping_status":"closed","template":"","meta":[],"_links":{"self":[{"href":"https:\/\/blindernuka.no\/2017\/wp-json\/wp\/v2\/pages\/298"}],"collection":[{"href":"https:\/\/blindernuka.no\/2017\/wp-json\/wp\/v2\/pages"}],"about":[{"href":"https:\/\/blindernuka.no\/2017\/wp-json\/wp\/v2\/types\/page"}],"author":[{"embeddable":true,"href":"https:\/\/blindernuka.no\/2017\/wp-json\/wp\/v2\/users\/1"}],"replies":[{"embeddable":true,"href":"https:\/\/blindernuka.no\/2017\/wp-json\/wp\/v2\/comments?post=298"}],"version-history":[{"count":3,"href":"https:\/\/blindernuka.no\/2017\/wp-json\/wp\/v2\/pages\/298\/revisions"}],"predecessor-version":[{"id":338,"href":"https:\/\/blindernuka.no\/2017\/wp-json\/wp\/v2\/pages\/298\/revisions\/338"}],"up":[{"embeddable":true,"href":"https:\/\/blindernuka.no\/2017\/wp-json\/wp\/v2\/pages\/75"}],"wp:attachment":[{"href":"https:\/\/blindernuka.no\/2017\/wp-json\/wp\/v2\/media?parent=298"}],"curies":[{"name":"wp","href":"https:\/\/api.w.org\/{rel}","templated":true}]}}