{"id":94,"date":"2016-12-24T03:55:13","date_gmt":"2016-12-24T02:55:13","guid":{"rendered":"http:\/\/wp.vegarda.no\/?page_id=94"},"modified":"2017-01-18T16:26:55","modified_gmt":"2017-01-18T15:26:55","slug":"revyens-historie","status":"publish","type":"page","link":"https:\/\/blindernuka.no\/2017\/revy\/revyens-historie\/","title":{"rendered":"Blindernrevyens historie"},"content":{"rendered":"<p><strong>BLINDERNREVYEN 1932 TIL IDAG<\/strong><\/p>\n<ul>\n<li>\u201c<strong>Blindernrevyen 1932<\/strong>\u201d sparket igang det som skulle bli en lang tradisjon p\u00e5 Blindern Studenterhjem.<\/li>\n<li>\u201c<strong>Vi er p\u00e5 trappene<\/strong>\u201d i 1939 var den siste revyen f\u00f8r\u00a0tyske soldater okkuperte halve studenterhjemmet allerede 29. april 1940, og tok resten fra 17. mars 1942 til hjemmet ble frigitt 8. mai 1945.<\/li>\n<li>I 1950 ble f\u00f8rste revy satt opp etter krigen, f\u00f8r man tok en lang pause.<\/li>\n<li>I 1956, -57 og -58 var det revy hvert \u00e5r.<\/li>\n<li>Siden 1961 har revyen blitt satt opp annethvert \u00e5r.<\/li>\n<li>I 1976 flyttet de f\u00f8rste 36 Blindernpigene inn p\u00e5 Bruket, og sp\u00f8rsm\u00e5let om \u00e5 inkludere pigene i revyen dukket opp. I 1977 var de med for fullt og fem av dem debuterte p\u00e5 revyscenen.<\/li>\n<li>I 1981 fikk revystyret sine f\u00f8rste kvinnelige medlemmer: Birgit L\u00f8yland og Mette Mogstad.<\/li>\n<li>Som en del av den f\u00f8rste UKA p\u00e5 Blindern ble revy nr. 32 satt opp i 2003: \u201cD\u00f8den holder lupen \u2013 mens liket passerer revy\u201d.<\/li>\n<li>\u201c<strong>FULL MAKT!<\/strong>\u201d i 2017 blir nr. 39 i rekken.<\/li>\n<li>Under UKA p\u00e5 Blindern 2019 setter vi opp Blindernrevyen for 40. gang!<\/li>\n<\/ul>\n<p><strong><em>Funfacts om UKA p\u00e5 Blindern og Blindernrevyen:<\/em><\/strong><\/p>\n<ol>\n<li>Under Blindernrevyens Urpremiere i 1979 var dav\u00e6rende kronprins Harald og kronprinsesse Sonja blant gjestene. I den anledning ble sketsjen med parodi av Kongefamilien str\u00f8ket fra programmet.<\/li>\n<li>Undern Blindernrevyens Urpremiere i 2013 var Oslos ordf\u00f8rer Fabian Stang blant gjestene.<\/li>\n<li>Blindernhistoriens korteste revynavn: \u201cHairlig\u201d, 1971.<\/li>\n<li>Blindernhistoriens lengste revynavn: \u201c\u201dSludd i luften\u201d \u2013 sa Tora Parsberg til Magnus Falsen idet de strevde seg over Gr\u00f8nlandsisen p\u00e5 et par ski\u201d, 1967.<\/li>\n<li>Kjente band og artister som har bes\u00f8kt UKA p\u00e5 Blindern: Klovner i Kamp, Datarock, Surferosa, Jaa9 og OnklP, Oslo Ess, Glittertind.<\/li>\n<li>Kjente instrukt\u00f8rer og tidligere beboere som har medvirket i Blindernrevyen: Per Asplin, Ole Paus, H\u00e5vard Lilleheie, Solveig Kloppen og Arne Torp.<\/li>\n<\/ol>\n<div id=\"attachment_244\" style=\"width: 273px\" class=\"wp-caption alignnone\"><img aria-describedby=\"caption-attachment-244\" loading=\"lazy\" class=\" wp-image-244\" src=\"http:\/\/blindernuka.no\/2017\/wp-content\/uploads\/2016\/12\/15977743_10154462503247991_8498028616820609474_n.jpg\" alt=\"\" width=\"263\" height=\"351\" srcset=\"https:\/\/blindernuka.no\/2017\/wp-content\/uploads\/2016\/12\/15977743_10154462503247991_8498028616820609474_n.jpg 720w, https:\/\/blindernuka.no\/2017\/wp-content\/uploads\/2016\/12\/15977743_10154462503247991_8498028616820609474_n-162x216.jpg 162w, https:\/\/blindernuka.no\/2017\/wp-content\/uploads\/2016\/12\/15977743_10154462503247991_8498028616820609474_n-216x288.jpg 216w, https:\/\/blindernuka.no\/2017\/wp-content\/uploads\/2016\/12\/15977743_10154462503247991_8498028616820609474_n-648x864.jpg 648w, https:\/\/blindernuka.no\/2017\/wp-content\/uploads\/2016\/12\/15977743_10154462503247991_8498028616820609474_n-486x648.jpg 486w\" sizes=\"(max-width: 263px) 100vw, 263px\" \/><p id=\"caption-attachment-244\" class=\"wp-caption-text\">Fra kronprinsparets bes\u00f8k p\u00e5 Urpremieren av Blindernrevyen 1979.<\/p><\/div>\n","protected":false},"excerpt":{"rendered":"<p> [&hellip;]<\/p>\n","protected":false},"author":1,"featured_media":0,"parent":96,"menu_order":0,"comment_status":"closed","ping_status":"closed","template":"","meta":[],"_links":{"self":[{"href":"https:\/\/blindernuka.no\/2017\/wp-json\/wp\/v2\/pages\/94"}],"collection":[{"href":"https:\/\/blindernuka.no\/2017\/wp-json\/wp\/v2\/pages"}],"about":[{"href":"https:\/\/blindernuka.no\/2017\/wp-json\/wp\/v2\/types\/page"}],"author":[{"embeddable":true,"href":"https:\/\/blindernuka.no\/2017\/wp-json\/wp\/v2\/users\/1"}],"replies":[{"embeddable":true,"href":"https:\/\/blindernuka.no\/2017\/wp-json\/wp\/v2\/comments?post=94"}],"version-history":[{"count":4,"href":"https:\/\/blindernuka.no\/2017\/wp-json\/wp\/v2\/pages\/94\/revisions"}],"predecessor-version":[{"id":243,"href":"https:\/\/blindernuka.no\/2017\/wp-json\/wp\/v2\/pages\/94\/revisions\/243"}],"up":[{"embeddable":true,"href":"https:\/\/blindernuka.no\/2017\/wp-json\/wp\/v2\/pages\/96"}],"wp:attachment":[{"href":"https:\/\/blindernuka.no\/2017\/wp-json\/wp\/v2\/media?parent=94"}],"curies":[{"name":"wp","href":"https:\/\/api.w.org\/{rel}","templated":true}]}}