{"id":96,"date":"2016-12-24T03:56:23","date_gmt":"2016-12-24T02:56:23","guid":{"rendered":"http:\/\/wp.vegarda.no\/?page_id=96"},"modified":"2017-01-17T20:59:25","modified_gmt":"2017-01-17T19:59:25","slug":"revy","status":"publish","type":"page","link":"https:\/\/blindernuka.no\/2017\/revy\/","title":{"rendered":"Blindernrevyen"},"content":{"rendered":"<p><strong>FULL MAKT<\/strong><\/p>\n<p>Blindernrevyen 2017 g\u00e5r under navnet \u201cFULL MAKT\u201d. Makt er et evig aktuelt tema, og noe som er rundt oss hele tiden. Det er et seri\u00f8st tema som gir mulighet til \u00e5 v\u00e6re kritisk til hendelsene som skjer i samfunnet v\u00e5rt.<\/p>\n<p>Spesielt i disse tider er det aktuelt, med blant annet presidentvalget i USA for ikke s\u00e5 lenge siden. Dette er et tema revyen p\u00e5 mange m\u00e5ter dreier det rundt &#8211; ikke om selve resultatet, men om sinnsstemningen og om syke folk med mye makt. Ingenting er mer spennende enn det!<\/p>\n<p>\u201cD\u00e5rlige nyheter for verden; gode nyheter for revyen.\u201d<br \/>\n\u2013 Kreativt ansvarlig\u00a0Helge Svendsen.<\/p>\n<p>Revygruppa sikter mot at FULL MAKT skal bli en revy som b\u00e5de rister i mellomgulvet og sparker makta i ballene. Med sketsjer og sanger som tar for seg sm\u00e5 og store aktuelle samfunnstemaer blir dette den f\u00f8rste, norske revyen Trump tvitrer om. Kanskje.<\/p>\n<p>Sikre deg en plass p\u00e5 Blindernrevyen 2017 <a href=\"https:\/\/billett.blindernuka.no\/billett\/\">her<\/a>!<\/p>\n","protected":false},"excerpt":{"rendered":"<p> [&hellip;]<\/p>\n","protected":false},"author":1,"featured_media":0,"parent":0,"menu_order":0,"comment_status":"closed","ping_status":"closed","template":"","meta":[],"_links":{"self":[{"href":"https:\/\/blindernuka.no\/2017\/wp-json\/wp\/v2\/pages\/96"}],"collection":[{"href":"https:\/\/blindernuka.no\/2017\/wp-json\/wp\/v2\/pages"}],"about":[{"href":"https:\/\/blindernuka.no\/2017\/wp-json\/wp\/v2\/types\/page"}],"author":[{"embeddable":true,"href":"https:\/\/blindernuka.no\/2017\/wp-json\/wp\/v2\/users\/1"}],"replies":[{"embeddable":true,"href":"https:\/\/blindernuka.no\/2017\/wp-json\/wp\/v2\/comments?post=96"}],"version-history":[{"count":6,"href":"https:\/\/blindernuka.no\/2017\/wp-json\/wp\/v2\/pages\/96\/revisions"}],"predecessor-version":[{"id":239,"href":"https:\/\/blindernuka.no\/2017\/wp-json\/wp\/v2\/pages\/96\/revisions\/239"}],"wp:attachment":[{"href":"https:\/\/blindernuka.no\/2017\/wp-json\/wp\/v2\/media?parent=96"}],"curies":[{"name":"wp","href":"https:\/\/api.w.org\/{rel}","templated":true}]}}